{"id":8077,"date":"2026-03-07T19:30:48","date_gmt":"2026-03-07T18:30:48","guid":{"rendered":"https:\/\/solidaires-etudiant-e-s.org\/site\/?page_id=8077"},"modified":"2026-03-25T17:21:21","modified_gmt":"2026-03-25T16:21:21","slug":"our-international-relationship","status":"publish","type":"page","link":"https:\/\/solidaires-etudiant-e-s.org\/site\/our-international-relationship\/","title":{"rendered":"Our International relationship"},"content":{"rendered":"<div class=\"wp-block-image\">\n<figure class=\"aligncenter size-full is-resized\"><img loading=\"lazy\" decoding=\"async\" width=\"512\" height=\"512\" src=\"https:\/\/solidaires-etudiant-e-s.org\/site\/wp-content\/uploads\/2018\/09\/logo-SESL-rond.png\" alt=\"Logo Solidaires \u00e9tudiant-e-s\" class=\"wp-image-4346\" style=\"width:172px;height:auto\" srcset=\"https:\/\/solidaires-etudiant-e-s.org\/site\/wp-content\/uploads\/2018\/09\/logo-SESL-rond.png 512w, https:\/\/solidaires-etudiant-e-s.org\/site\/wp-content\/uploads\/2018\/09\/logo-SESL-rond-300x300.png 300w, https:\/\/solidaires-etudiant-e-s.org\/site\/wp-content\/uploads\/2018\/09\/logo-SESL-rond-150x150.png 150w\" sizes=\"auto, (max-width: 512px) 100vw, 512px\" \/><figcaption class=\"wp-element-caption\">F\u00e9d\u00e9ration Solidaires \u00e9tudiant-e-s syndicats de luttes<\/figcaption><\/figure>\n<\/div>\n\n\n<p>We are a 30-year-old French student union fighting for students\u2019 rights.<\/p>\n\n\n\n<p>We are anti-fascist, anti-imperialist, internationalist, anti-ableist, pro-LGBTQIA+\u2026<\/p>\n\n\n\n<p>We consider ourselves a union of struggles, so we are against any form of \u00ab\u00a0co-management\u00a0\u00bb with the universities, such as student elections. They depoliticize the real struggles of students who have to live in deep precarity because of capitalism.<\/p>\n\n\n\n<p>We are part of one of the major French worker unions, l\u2019<a href=\"https:\/\/solidaires.org\/\">Union Syndical Solidaires<\/a> (USS)<\/p>\n\n\n\n<p>We are currently in touch with multiple organizations located all around the world:<\/p>\n\n\n\n<h2 class=\"wp-block-heading\">International organisations<\/h2>\n\n\n\n<div class=\"wp-block-columns is-layout-flex wp-container-core-columns-is-layout-9d6595d7 wp-block-columns-is-layout-flex\">\n<div class=\"wp-block-column is-layout-flow wp-block-column-is-layout-flow\">\n<p class=\"has-text-align-center\">International Labour Network of Solidarity and Struggle<\/p>\n\n\n<div class=\"wp-block-image\">\n<figure class=\"aligncenter size-full\"><a href=\"https:\/\/www.laboursolidarity.org\/\"><img loading=\"lazy\" decoding=\"async\" width=\"214\" height=\"190\" src=\"https:\/\/solidaires-etudiant-e-s.org\/site\/wp-content\/uploads\/2026\/03\/logo-1694607981.png\" alt=\"\" class=\"wp-image-8114\"\/><\/a><\/figure>\n<\/div><\/div>\n\n\n\n<div class=\"wp-block-column is-layout-flow wp-block-column-is-layout-flow\">\n<p class=\"has-text-align-center\"><a href=\"https:\/\/universitiesatwar.wordpress.com\/\">Universities at wars<\/a><\/p>\n<\/div>\n<\/div>\n\n\n\n<hr class=\"wp-block-separator has-alpha-channel-opacity\"\/>\n\n\n\n<h2 class=\"wp-block-heading\">Unions or student organisations<\/h2>\n\n\n\n<div class=\"wp-block-columns is-layout-flex wp-container-core-columns-is-layout-9d6595d7 wp-block-columns-is-layout-flex\">\n<div class=\"wp-block-column is-layout-flow wp-block-column-is-layout-flow\">\n<h2 class=\"wp-block-heading has-text-align-center\">Gakusei Koudou<\/h2>\n\n\n<div class=\"wp-block-image is-style-rounded\">\n<figure class=\"aligncenter size-full is-resized\"><a href=\"https:\/\/www.instagram.com\/info_gakukou\/\"><img loading=\"lazy\" decoding=\"async\" width=\"150\" height=\"150\" src=\"https:\/\/solidaires-etudiant-e-s.org\/site\/wp-content\/uploads\/2026\/03\/455024717_1665791314217023_3643203850235252219_n.jpg\" alt=\"\" class=\"wp-image-8079\" style=\"width:212px;height:auto\"\/><\/a><\/figure>\n<\/div>\n\n\n<p class=\"has-text-align-center\">Japan<\/p>\n<\/div>\n\n\n\n<div class=\"wp-block-column is-layout-flow wp-block-column-is-layout-flow\">\n<h2 class=\"wp-block-heading has-text-align-center\">\u00d6zg\u00fcrl\u00fck\u00e7\u00fc Gen\u00e7lik<\/h2>\n\n\n<div class=\"wp-block-image is-style-default\">\n<figure class=\"aligncenter size-full is-resized\"><a href=\"https:\/\/www.instagram.com\/ozgurlukcugenclik\/\"><img loading=\"lazy\" decoding=\"async\" width=\"1440\" height=\"1440\" src=\"https:\/\/solidaires-etudiant-e-s.org\/site\/wp-content\/uploads\/2026\/03\/media-1340848603.jpg\" alt=\"\" class=\"wp-image-8080\" style=\"width:212px;height:auto\" srcset=\"https:\/\/solidaires-etudiant-e-s.org\/site\/wp-content\/uploads\/2026\/03\/media-1340848603.jpg 1440w, https:\/\/solidaires-etudiant-e-s.org\/site\/wp-content\/uploads\/2026\/03\/media-1340848603-300x300.jpg 300w, https:\/\/solidaires-etudiant-e-s.org\/site\/wp-content\/uploads\/2026\/03\/media-1340848603-1024x1024.jpg 1024w, https:\/\/solidaires-etudiant-e-s.org\/site\/wp-content\/uploads\/2026\/03\/media-1340848603-150x150.jpg 150w, https:\/\/solidaires-etudiant-e-s.org\/site\/wp-content\/uploads\/2026\/03\/media-1340848603-768x768.jpg 768w, https:\/\/solidaires-etudiant-e-s.org\/site\/wp-content\/uploads\/2026\/03\/media-1340848603-900x900.jpg 900w, https:\/\/solidaires-etudiant-e-s.org\/site\/wp-content\/uploads\/2026\/03\/media-1340848603-500x500.jpg 500w\" sizes=\"auto, (max-width: 1440px) 100vw, 1440px\" \/><\/a><\/figure>\n<\/div>\n\n\n<p class=\"has-text-align-center\">Turkiye<\/p>\n<\/div>\n<\/div>\n\n\n\n<hr class=\"wp-block-separator has-text-color has-black-color has-alpha-channel-opacity has-black-background-color has-background\"\/>\n\n\n\n<div class=\"wp-block-columns is-layout-flex wp-container-core-columns-is-layout-9d6595d7 wp-block-columns-is-layout-flex\">\n<div class=\"wp-block-column is-layout-flow wp-block-column-is-layout-flow\">\n<h2 class=\"wp-block-heading has-text-align-center\">Priima Diia<\/h2>\n\n\n<div class=\"wp-block-image is-style-rounded\">\n<figure class=\"aligncenter size-full is-resized\"><a href=\"https:\/\/www.priama-diia.org\/\"><img loading=\"lazy\" decoding=\"async\" width=\"259\" height=\"270\" src=\"https:\/\/solidaires-etudiant-e-s.org\/site\/wp-content\/uploads\/2026\/03\/4fb36723eb70083c.png\" alt=\"\" class=\"wp-image-8081\" style=\"width:212px;height:auto\"\/><\/a><\/figure>\n<\/div>\n\n\n<p class=\"has-text-align-center\">Ukraine<\/p>\n<\/div>\n\n\n\n<div class=\"wp-block-column is-layout-flow wp-block-column-is-layout-flow\">\n<h2 class=\"wp-block-heading has-text-align-center\">SUD \u00c9tudiant-e-s et pr\u00e9caires<\/h2>\n\n\n<div class=\"wp-block-image is-style-default\">\n<figure class=\"aligncenter size-full is-resized\"><a href=\"https:\/\/www.sud-ep.ch\/\"><img loading=\"lazy\" decoding=\"async\" width=\"86\" height=\"119\" src=\"https:\/\/solidaires-etudiant-e-s.org\/site\/wp-content\/uploads\/2026\/03\/logopetitpetit-1.png\" alt=\"\" class=\"wp-image-8082\" style=\"aspect-ratio:0.722686195974343;width:144px;height:auto\"\/><\/a><\/figure>\n<\/div>\n\n\n<p class=\"has-text-align-center\">Switzerland<\/p>\n<\/div>\n<\/div>\n\n\n\n<hr class=\"wp-block-separator has-text-color has-black-color has-alpha-channel-opacity has-black-background-color has-background\"\/>\n\n\n\n<div class=\"wp-block-columns is-layout-flex wp-container-core-columns-is-layout-9d6595d7 wp-block-columns-is-layout-flex\">\n<div class=\"wp-block-column is-layout-flow wp-block-column-is-layout-flow\">\n<h2 class=\"wp-block-heading has-text-align-center\">Jeunes FGTB<\/h2>\n\n\n<div class=\"wp-block-image is-style-rounded\">\n<figure class=\"aligncenter size-full is-resized\"><a href=\"https:\/\/jeunes-fgtb.be\/\"><img loading=\"lazy\" decoding=\"async\" width=\"474\" height=\"296\" src=\"https:\/\/solidaires-etudiant-e-s.org\/site\/wp-content\/uploads\/2026\/03\/OIP-669198142.jpg\" alt=\"\" class=\"wp-image-8083\" style=\"aspect-ratio:1.6014100711928274;width:336px;height:auto\" srcset=\"https:\/\/solidaires-etudiant-e-s.org\/site\/wp-content\/uploads\/2026\/03\/OIP-669198142.jpg 474w, https:\/\/solidaires-etudiant-e-s.org\/site\/wp-content\/uploads\/2026\/03\/OIP-669198142-300x187.jpg 300w\" sizes=\"auto, (max-width: 474px) 100vw, 474px\" \/><\/a><\/figure>\n<\/div>\n\n\n<p class=\"has-text-align-center\">Belgium<\/p>\n<\/div>\n\n\n\n<div class=\"wp-block-column is-layout-flow wp-block-column-is-layout-flow\">\n<h2 class=\"wp-block-heading has-text-align-center\">USE<\/h2>\n\n\n<div class=\"wp-block-image is-style-default\">\n<figure class=\"aligncenter size-full is-resized\"><a href=\"https:\/\/use.be\/\"><img loading=\"lazy\" decoding=\"async\" width=\"1105\" height=\"756\" src=\"https:\/\/solidaires-etudiant-e-s.org\/site\/wp-content\/uploads\/2026\/03\/logo-rouge-sur-noir-1.png\" alt=\"\" class=\"wp-image-8085\" style=\"aspect-ratio:1.4616557432486836;width:304px;height:auto\" srcset=\"https:\/\/solidaires-etudiant-e-s.org\/site\/wp-content\/uploads\/2026\/03\/logo-rouge-sur-noir-1.png 1105w, https:\/\/solidaires-etudiant-e-s.org\/site\/wp-content\/uploads\/2026\/03\/logo-rouge-sur-noir-1-300x205.png 300w, https:\/\/solidaires-etudiant-e-s.org\/site\/wp-content\/uploads\/2026\/03\/logo-rouge-sur-noir-1-1024x701.png 1024w, https:\/\/solidaires-etudiant-e-s.org\/site\/wp-content\/uploads\/2026\/03\/logo-rouge-sur-noir-1-768x525.png 768w, https:\/\/solidaires-etudiant-e-s.org\/site\/wp-content\/uploads\/2026\/03\/logo-rouge-sur-noir-1-900x616.png 900w, https:\/\/solidaires-etudiant-e-s.org\/site\/wp-content\/uploads\/2026\/03\/logo-rouge-sur-noir-1-500x342.png 500w\" sizes=\"auto, (max-width: 1105px) 100vw, 1105px\" \/><\/a><\/figure>\n<\/div>\n\n\n<p class=\"has-text-align-center\">Belgium<\/p>\n<\/div>\n<\/div>\n\n\n\n<hr class=\"wp-block-separator has-text-color has-black-color has-alpha-channel-opacity has-black-background-color has-background\"\/>\n\n\n\n<div class=\"wp-block-columns is-layout-flex wp-container-core-columns-is-layout-9d6595d7 wp-block-columns-is-layout-flex\">\n<div class=\"wp-block-column is-layout-flow wp-block-column-is-layout-flow\">\n<h2 class=\"wp-block-heading has-text-align-center\">La CRUES<\/h2>\n\n\n<div class=\"wp-block-image\">\n<figure class=\"aligncenter size-full\"><a href=\"https:\/\/crues.org\/\"><img loading=\"lazy\" decoding=\"async\" width=\"277\" height=\"156\" src=\"https:\/\/solidaires-etudiant-e-s.org\/site\/wp-content\/uploads\/2026\/03\/cropped-Logo-CRUES-sans-porte-voix-detoure-e1690645719140-1-2660684181-edited.png\" alt=\"\" class=\"wp-image-8196\" style=\"object-fit:cover\"\/><\/a><\/figure>\n<\/div>\n\n\n<p class=\"has-text-align-center\">Canada \/ Qu\u00e9bec<\/p>\n<\/div>\n\n\n\n<div class=\"wp-block-column is-layout-flow wp-block-column-is-layout-flow\"><\/div>\n<\/div>\n\n\n\n<h3 class=\"wp-block-heading has-text-align-left\">Contacts:<br><a href=\"mailto:international@solidaires-etudiant-e-s.org\">international@solidaires-etudiant-e-s.org<\/a><\/h3>\n\n\n\n<p class=\"has-text-align-left\"><\/p>\n\n\n\n<p><\/p>\n","protected":false},"excerpt":{"rendered":"<p>We are a 30-year-old French student union fighting for students\u2019 rights. We [&hellip;]<\/p>\n","protected":false},"author":36,"featured_media":0,"parent":0,"menu_order":0,"comment_status":"closed","ping_status":"closed","template":"","meta":{"cybocfi_hide_featured_image":"","footnotes":""},"class_list":{"0":"post-8077","1":"page","2":"type-page","3":"status-publish","5":"col-md-4 col-sm-4"},"featured_image_src":null,"yoast_head":"<!-- This site is optimized with the Yoast SEO plugin v27.4 - https:\/\/yoast.com\/product\/yoast-seo-wordpress\/ -->\n<title>Our International relationship - Solidaires \u00e9tudiant-e-s<\/title>\n<meta name=\"description\" content=\"Solidaires \u00e9tudiant-e-s - Our International relationship -\" \/>\n<meta name=\"robots\" content=\"index, follow, max-snippet:-1, max-image-preview:large, max-video-preview:-1\" \/>\n<link rel=\"canonical\" href=\"https:\/\/solidaires-etudiant-e-s.org\/site\/our-international-relationship\/\" \/>\n<meta property=\"og:locale\" content=\"fr_FR\" \/>\n<meta property=\"og:type\" content=\"article\" \/>\n<meta property=\"og:title\" content=\"Our International relationship - Solidaires \u00e9tudiant-e-s\" \/>\n<meta property=\"og:description\" content=\"Solidaires \u00e9tudiant-e-s - Our International relationship -\" \/>\n<meta property=\"og:url\" content=\"https:\/\/solidaires-etudiant-e-s.org\/site\/our-international-relationship\/\" \/>\n<meta property=\"og:site_name\" content=\"Solidaires \u00e9tudiant-e-s\" \/>\n<meta property=\"article:publisher\" content=\"https:\/\/www.facebook.com\/solidairesetudiantes\" \/>\n<meta property=\"article:modified_time\" content=\"2026-03-25T16:21:21+00:00\" \/>\n<meta property=\"og:image\" content=\"https:\/\/solidaires-etudiant-e-s.org\/site\/wp-content\/uploads\/2018\/09\/logo-SESL-rond.png\" \/>\n\t<meta property=\"og:image:width\" content=\"512\" \/>\n\t<meta property=\"og:image:height\" content=\"512\" \/>\n\t<meta property=\"og:image:type\" content=\"image\/png\" \/>\n<meta name=\"twitter:card\" content=\"summary_large_image\" \/>\n<meta name=\"twitter:site\" content=\"@SolidairesEtu\" \/>\n<meta name=\"twitter:label1\" content=\"Dur\u00e9e de lecture estim\u00e9e\" \/>\n\t<meta name=\"twitter:data1\" content=\"3 minutes\" \/>\n<script type=\"application\/ld+json\" class=\"yoast-schema-graph\">{\"@context\":\"https:\\\/\\\/schema.org\",\"@graph\":[{\"@type\":\"WebPage\",\"@id\":\"https:\\\/\\\/solidaires-etudiant-e-s.org\\\/site\\\/our-international-relationship\\\/\",\"url\":\"https:\\\/\\\/solidaires-etudiant-e-s.org\\\/site\\\/our-international-relationship\\\/\",\"name\":\"Our International relationship - Solidaires \u00e9tudiant-e-s\",\"isPartOf\":{\"@id\":\"https:\\\/\\\/solidaires-etudiant-e-s.org\\\/site\\\/#website\"},\"primaryImageOfPage\":{\"@id\":\"https:\\\/\\\/solidaires-etudiant-e-s.org\\\/site\\\/our-international-relationship\\\/#primaryimage\"},\"image\":{\"@id\":\"https:\\\/\\\/solidaires-etudiant-e-s.org\\\/site\\\/our-international-relationship\\\/#primaryimage\"},\"thumbnailUrl\":\"https:\\\/\\\/solidaires-etudiant-e-s.org\\\/site\\\/wp-content\\\/uploads\\\/2018\\\/09\\\/logo-SESL-rond.png\",\"datePublished\":\"2026-03-07T18:30:48+00:00\",\"dateModified\":\"2026-03-25T16:21:21+00:00\",\"description\":\"Solidaires \u00e9tudiant-e-s - Our International relationship -\",\"breadcrumb\":{\"@id\":\"https:\\\/\\\/solidaires-etudiant-e-s.org\\\/site\\\/our-international-relationship\\\/#breadcrumb\"},\"inLanguage\":\"fr-FR\",\"potentialAction\":[{\"@type\":\"ReadAction\",\"target\":[\"https:\\\/\\\/solidaires-etudiant-e-s.org\\\/site\\\/our-international-relationship\\\/\"]}]},{\"@type\":\"ImageObject\",\"inLanguage\":\"fr-FR\",\"@id\":\"https:\\\/\\\/solidaires-etudiant-e-s.org\\\/site\\\/our-international-relationship\\\/#primaryimage\",\"url\":\"https:\\\/\\\/solidaires-etudiant-e-s.org\\\/site\\\/wp-content\\\/uploads\\\/2018\\\/09\\\/logo-SESL-rond.png\",\"contentUrl\":\"https:\\\/\\\/solidaires-etudiant-e-s.org\\\/site\\\/wp-content\\\/uploads\\\/2018\\\/09\\\/logo-SESL-rond.png\",\"width\":512,\"height\":512,\"caption\":\"F\u00e9d\u00e9ration Solidaires \u00e9tudiant-e-s syndicats de luttes\"},{\"@type\":\"BreadcrumbList\",\"@id\":\"https:\\\/\\\/solidaires-etudiant-e-s.org\\\/site\\\/our-international-relationship\\\/#breadcrumb\",\"itemListElement\":[{\"@type\":\"ListItem\",\"position\":1,\"name\":\"Accueil\",\"item\":\"https:\\\/\\\/solidaires-etudiant-e-s.org\\\/site\\\/\"},{\"@type\":\"ListItem\",\"position\":2,\"name\":\"Our International relationship\"}]},{\"@type\":\"WebSite\",\"@id\":\"https:\\\/\\\/solidaires-etudiant-e-s.org\\\/site\\\/#website\",\"url\":\"https:\\\/\\\/solidaires-etudiant-e-s.org\\\/site\\\/\",\"name\":\"Solidaires \u00e9tudiant-e-s\",\"description\":\"Syndicats pour un enseignement sup\u00e9rieur gratuit, ouvert, et \u00e9mancipateur !\",\"publisher\":{\"@id\":\"https:\\\/\\\/solidaires-etudiant-e-s.org\\\/site\\\/#organization\"},\"potentialAction\":[{\"@type\":\"SearchAction\",\"target\":{\"@type\":\"EntryPoint\",\"urlTemplate\":\"https:\\\/\\\/solidaires-etudiant-e-s.org\\\/site\\\/?s={search_term_string}\"},\"query-input\":{\"@type\":\"PropertyValueSpecification\",\"valueRequired\":true,\"valueName\":\"search_term_string\"}}],\"inLanguage\":\"fr-FR\"},{\"@type\":\"Organization\",\"@id\":\"https:\\\/\\\/solidaires-etudiant-e-s.org\\\/site\\\/#organization\",\"name\":\"Solidaires \u00e9tudiant-e-s\",\"url\":\"https:\\\/\\\/solidaires-etudiant-e-s.org\\\/site\\\/\",\"logo\":{\"@type\":\"ImageObject\",\"inLanguage\":\"fr-FR\",\"@id\":\"https:\\\/\\\/solidaires-etudiant-e-s.org\\\/site\\\/#\\\/schema\\\/logo\\\/image\\\/\",\"url\":\"https:\\\/\\\/solidaires-etudiant-e-s.org\\\/site\\\/wp-content\\\/uploads\\\/2025\\\/12\\\/13-1.png\",\"contentUrl\":\"https:\\\/\\\/solidaires-etudiant-e-s.org\\\/site\\\/wp-content\\\/uploads\\\/2025\\\/12\\\/13-1.png\",\"width\":1181,\"height\":827,\"caption\":\"Solidaires \u00e9tudiant-e-s\"},\"image\":{\"@id\":\"https:\\\/\\\/solidaires-etudiant-e-s.org\\\/site\\\/#\\\/schema\\\/logo\\\/image\\\/\"},\"sameAs\":[\"https:\\\/\\\/www.facebook.com\\\/solidairesetudiantes\",\"https:\\\/\\\/x.com\\\/SolidairesEtu\",\"https:\\\/\\\/www.instagram.com\\\/solidairesetu\\\/\",\"https:\\\/\\\/bsky.app\\\/profile\\\/solidaires-etudiant-e-s.org\",\"https:\\\/\\\/mastodon.social\\\/@solidairesetu\",\"https:\\\/\\\/www.youtube.com\\\/channel\\\/UC_iZN9gmVAAnXbBM7wAWOag\"]}]}<\/script>\n<!-- \/ Yoast SEO plugin. -->","yoast_head_json":{"title":"Our International relationship - Solidaires \u00e9tudiant-e-s","description":"Solidaires \u00e9tudiant-e-s - Our International relationship -","robots":{"index":"index","follow":"follow","max-snippet":"max-snippet:-1","max-image-preview":"max-image-preview:large","max-video-preview":"max-video-preview:-1"},"canonical":"https:\/\/solidaires-etudiant-e-s.org\/site\/our-international-relationship\/","og_locale":"fr_FR","og_type":"article","og_title":"Our International relationship - Solidaires \u00e9tudiant-e-s","og_description":"Solidaires \u00e9tudiant-e-s - Our International relationship -","og_url":"https:\/\/solidaires-etudiant-e-s.org\/site\/our-international-relationship\/","og_site_name":"Solidaires \u00e9tudiant-e-s","article_publisher":"https:\/\/www.facebook.com\/solidairesetudiantes","article_modified_time":"2026-03-25T16:21:21+00:00","og_image":[{"width":512,"height":512,"url":"https:\/\/solidaires-etudiant-e-s.org\/site\/wp-content\/uploads\/2018\/09\/logo-SESL-rond.png","type":"image\/png"}],"twitter_card":"summary_large_image","twitter_site":"@SolidairesEtu","twitter_misc":{"Dur\u00e9e de lecture estim\u00e9e":"3 minutes"},"schema":{"@context":"https:\/\/schema.org","@graph":[{"@type":"WebPage","@id":"https:\/\/solidaires-etudiant-e-s.org\/site\/our-international-relationship\/","url":"https:\/\/solidaires-etudiant-e-s.org\/site\/our-international-relationship\/","name":"Our International relationship - Solidaires \u00e9tudiant-e-s","isPartOf":{"@id":"https:\/\/solidaires-etudiant-e-s.org\/site\/#website"},"primaryImageOfPage":{"@id":"https:\/\/solidaires-etudiant-e-s.org\/site\/our-international-relationship\/#primaryimage"},"image":{"@id":"https:\/\/solidaires-etudiant-e-s.org\/site\/our-international-relationship\/#primaryimage"},"thumbnailUrl":"https:\/\/solidaires-etudiant-e-s.org\/site\/wp-content\/uploads\/2018\/09\/logo-SESL-rond.png","datePublished":"2026-03-07T18:30:48+00:00","dateModified":"2026-03-25T16:21:21+00:00","description":"Solidaires \u00e9tudiant-e-s - Our International relationship -","breadcrumb":{"@id":"https:\/\/solidaires-etudiant-e-s.org\/site\/our-international-relationship\/#breadcrumb"},"inLanguage":"fr-FR","potentialAction":[{"@type":"ReadAction","target":["https:\/\/solidaires-etudiant-e-s.org\/site\/our-international-relationship\/"]}]},{"@type":"ImageObject","inLanguage":"fr-FR","@id":"https:\/\/solidaires-etudiant-e-s.org\/site\/our-international-relationship\/#primaryimage","url":"https:\/\/solidaires-etudiant-e-s.org\/site\/wp-content\/uploads\/2018\/09\/logo-SESL-rond.png","contentUrl":"https:\/\/solidaires-etudiant-e-s.org\/site\/wp-content\/uploads\/2018\/09\/logo-SESL-rond.png","width":512,"height":512,"caption":"F\u00e9d\u00e9ration Solidaires \u00e9tudiant-e-s syndicats de luttes"},{"@type":"BreadcrumbList","@id":"https:\/\/solidaires-etudiant-e-s.org\/site\/our-international-relationship\/#breadcrumb","itemListElement":[{"@type":"ListItem","position":1,"name":"Accueil","item":"https:\/\/solidaires-etudiant-e-s.org\/site\/"},{"@type":"ListItem","position":2,"name":"Our International relationship"}]},{"@type":"WebSite","@id":"https:\/\/solidaires-etudiant-e-s.org\/site\/#website","url":"https:\/\/solidaires-etudiant-e-s.org\/site\/","name":"Solidaires \u00e9tudiant-e-s","description":"Syndicats pour un enseignement sup\u00e9rieur gratuit, ouvert, et \u00e9mancipateur !","publisher":{"@id":"https:\/\/solidaires-etudiant-e-s.org\/site\/#organization"},"potentialAction":[{"@type":"SearchAction","target":{"@type":"EntryPoint","urlTemplate":"https:\/\/solidaires-etudiant-e-s.org\/site\/?s={search_term_string}"},"query-input":{"@type":"PropertyValueSpecification","valueRequired":true,"valueName":"search_term_string"}}],"inLanguage":"fr-FR"},{"@type":"Organization","@id":"https:\/\/solidaires-etudiant-e-s.org\/site\/#organization","name":"Solidaires \u00e9tudiant-e-s","url":"https:\/\/solidaires-etudiant-e-s.org\/site\/","logo":{"@type":"ImageObject","inLanguage":"fr-FR","@id":"https:\/\/solidaires-etudiant-e-s.org\/site\/#\/schema\/logo\/image\/","url":"https:\/\/solidaires-etudiant-e-s.org\/site\/wp-content\/uploads\/2025\/12\/13-1.png","contentUrl":"https:\/\/solidaires-etudiant-e-s.org\/site\/wp-content\/uploads\/2025\/12\/13-1.png","width":1181,"height":827,"caption":"Solidaires \u00e9tudiant-e-s"},"image":{"@id":"https:\/\/solidaires-etudiant-e-s.org\/site\/#\/schema\/logo\/image\/"},"sameAs":["https:\/\/www.facebook.com\/solidairesetudiantes","https:\/\/x.com\/SolidairesEtu","https:\/\/www.instagram.com\/solidairesetu\/","https:\/\/bsky.app\/profile\/solidaires-etudiant-e-s.org","https:\/\/mastodon.social\/@solidairesetu","https:\/\/www.youtube.com\/channel\/UC_iZN9gmVAAnXbBM7wAWOag"]}]}},"_links":{"self":[{"href":"https:\/\/solidaires-etudiant-e-s.org\/site\/wp-json\/wp\/v2\/pages\/8077","targetHints":{"allow":["GET"]}}],"collection":[{"href":"https:\/\/solidaires-etudiant-e-s.org\/site\/wp-json\/wp\/v2\/pages"}],"about":[{"href":"https:\/\/solidaires-etudiant-e-s.org\/site\/wp-json\/wp\/v2\/types\/page"}],"author":[{"embeddable":true,"href":"https:\/\/solidaires-etudiant-e-s.org\/site\/wp-json\/wp\/v2\/users\/36"}],"replies":[{"embeddable":true,"href":"https:\/\/solidaires-etudiant-e-s.org\/site\/wp-json\/wp\/v2\/comments?post=8077"}],"version-history":[{"count":18,"href":"https:\/\/solidaires-etudiant-e-s.org\/site\/wp-json\/wp\/v2\/pages\/8077\/revisions"}],"predecessor-version":[{"id":8198,"href":"https:\/\/solidaires-etudiant-e-s.org\/site\/wp-json\/wp\/v2\/pages\/8077\/revisions\/8198"}],"wp:attachment":[{"href":"https:\/\/solidaires-etudiant-e-s.org\/site\/wp-json\/wp\/v2\/media?parent=8077"}],"curies":[{"name":"wp","href":"https:\/\/api.w.org\/{rel}","templated":true}]}}