{"id":7849,"date":"2025-08-22T14:17:25","date_gmt":"2025-08-22T13:17:25","guid":{"rendered":"https:\/\/solidaires-etudiant-e-s.org\/site\/?page_id=7849"},"modified":"2025-08-22T14:20:00","modified_gmt":"2025-08-22T13:20:00","slug":"guide-de-letudiant-e-infirmier-e","status":"publish","type":"page","link":"https:\/\/solidaires-etudiant-e-s.org\/site\/connaitre-ses-droits\/guide-de-letudiant-e-infirmier-e\/","title":{"rendered":"Guide de l&rsquo;\u00e9tudiant-e infirmi\u00e8r-e"},"content":{"rendered":"\n<p>Solidaires \u00c9tudiant-e-s, syndique tous les \u00e9tudiant-e-s, y compris celleux en IFSI\/IFAS ! <br><br>Dans ce guide nous aborderons principalement les \u00e9tudes d\u2019infirmi\u00e8res en formation initale et dans la partie scolaire. <strong>Pour la formation pay\u00e9e par l\u2019employeur et France Travail, nous t\u2019enjoignons \u00e0 contacter <a href=\"https:\/\/sudsantesociaux.org\/\">Sud Sant\u00e9 Sociaux<\/a><\/strong><br>Les droits des \u00e9tudiantes infirmi\u00e8res comme ceux du reste des travailleur\u00b7ses et \u00e9tudiant\u00b7es sont constamment attaqu\u00e9s par le patronat et le gouvernement. Notre apprentissage est promu afin<br>de pallier au manque chronique de soignant\u00b7es dans les services.<\/p>\n\n\n\n<div data-wp-interactive=\"core\/file\" class=\"wp-block-file\"><object data-wp-bind--hidden=\"!state.hasPdfPreview\" hidden class=\"wp-block-file__embed\" data=\"https:\/\/solidaires-etudiant-e-s.org\/site\/wp-content\/uploads\/2025\/08\/Guide-de-letudiante-infirmiere.pdf\" type=\"application\/pdf\" style=\"width:100%;height:600px\" aria-label=\"Contenu embarqu\u00e9 Guide de l&apos;\u00e9tudiante infirmi\u00e8re.\"><\/object><a id=\"wp-block-file--media-19aa737c-81d4-43f8-9caf-d1f3f533ef04\" href=\"https:\/\/solidaires-etudiant-e-s.org\/site\/wp-content\/uploads\/2025\/08\/Guide-de-letudiante-infirmiere.pdf\">Guide de l&rsquo;\u00e9tudiante infirmi\u00e8re<\/a><a href=\"https:\/\/solidaires-etudiant-e-s.org\/site\/wp-content\/uploads\/2025\/08\/Guide-de-letudiante-infirmiere.pdf\" class=\"wp-block-file__button wp-element-button\" download aria-describedby=\"wp-block-file--media-19aa737c-81d4-43f8-9caf-d1f3f533ef04\">T\u00e9l\u00e9charger<\/a><\/div>\n\n\n\n<p><\/p>\n","protected":false},"excerpt":{"rendered":"<p>Solidaires \u00c9tudiant-e-s, syndique tous les \u00e9tudiant-e-s, y compris celleux en IFSI\/IFAS ! [&hellip;]<\/p>\n","protected":false},"author":1,"featured_media":7844,"parent":2,"menu_order":0,"comment_status":"closed","ping_status":"closed","template":"","meta":{"cybocfi_hide_featured_image":"","footnotes":""},"class_list":{"0":"post-7849","1":"page","2":"type-page","3":"status-publish","4":"has-post-thumbnail","6":"col-md-4 col-sm-4"},"featured_image_src":"https:\/\/solidaires-etudiant-e-s.org\/site\/wp-content\/uploads\/2025\/08\/logo-guide-etu-infi.png","yoast_head":"<!-- This site is optimized with the Yoast SEO plugin v27.3 - https:\/\/yoast.com\/product\/yoast-seo-wordpress\/ -->\n<title>Guide de l&#039;\u00e9tudiant-e infirmi\u00e8r-e - Solidaires \u00e9tudiant-e-s<\/title>\n<meta name=\"robots\" content=\"index, follow, max-snippet:-1, max-image-preview:large, max-video-preview:-1\" \/>\n<link rel=\"canonical\" href=\"https:\/\/solidaires-etudiant-e-s.org\/site\/connaitre-ses-droits\/guide-de-letudiant-e-infirmier-e\/\" \/>\n<meta property=\"og:locale\" content=\"fr_FR\" \/>\n<meta property=\"og:type\" content=\"article\" \/>\n<meta property=\"og:title\" content=\"Guide de l&#039;\u00e9tudiant-e infirmi\u00e8r-e - Solidaires \u00e9tudiant-e-s\" \/>\n<meta property=\"og:description\" content=\"Solidaires \u00c9tudiant-e-s, syndique tous les \u00e9tudiant-e-s, y compris celleux en IFSI\/IFAS ! [&hellip;]\" \/>\n<meta property=\"og:url\" content=\"https:\/\/solidaires-etudiant-e-s.org\/site\/connaitre-ses-droits\/guide-de-letudiant-e-infirmier-e\/\" \/>\n<meta property=\"og:site_name\" content=\"Solidaires \u00e9tudiant-e-s\" \/>\n<meta property=\"article:publisher\" content=\"https:\/\/www.facebook.com\/solidairesetudiantes\" \/>\n<meta property=\"article:modified_time\" content=\"2025-08-22T13:20:00+00:00\" \/>\n<meta property=\"og:image\" content=\"https:\/\/solidaires-etudiant-e-s.org\/site\/wp-content\/uploads\/2025\/08\/logo-guide-etu-infi.png\" \/>\n\t<meta property=\"og:image:width\" content=\"698\" \/>\n\t<meta property=\"og:image:height\" content=\"698\" \/>\n\t<meta property=\"og:image:type\" content=\"image\/png\" \/>\n<meta name=\"twitter:card\" content=\"summary_large_image\" \/>\n<meta name=\"twitter:site\" content=\"@SolidairesEtu\" \/>\n<meta name=\"twitter:label1\" content=\"Dur\u00e9e de lecture estim\u00e9e\" \/>\n\t<meta name=\"twitter:data1\" content=\"1 minute\" \/>\n<script type=\"application\/ld+json\" class=\"yoast-schema-graph\">{\"@context\":\"https:\\\/\\\/schema.org\",\"@graph\":[{\"@type\":\"WebPage\",\"@id\":\"https:\\\/\\\/solidaires-etudiant-e-s.org\\\/site\\\/connaitre-ses-droits\\\/guide-de-letudiant-e-infirmier-e\\\/\",\"url\":\"https:\\\/\\\/solidaires-etudiant-e-s.org\\\/site\\\/connaitre-ses-droits\\\/guide-de-letudiant-e-infirmier-e\\\/\",\"name\":\"Guide de l'\u00e9tudiant-e infirmi\u00e8r-e - Solidaires \u00e9tudiant-e-s\",\"isPartOf\":{\"@id\":\"https:\\\/\\\/solidaires-etudiant-e-s.org\\\/site\\\/#website\"},\"primaryImageOfPage\":{\"@id\":\"https:\\\/\\\/solidaires-etudiant-e-s.org\\\/site\\\/connaitre-ses-droits\\\/guide-de-letudiant-e-infirmier-e\\\/#primaryimage\"},\"image\":{\"@id\":\"https:\\\/\\\/solidaires-etudiant-e-s.org\\\/site\\\/connaitre-ses-droits\\\/guide-de-letudiant-e-infirmier-e\\\/#primaryimage\"},\"thumbnailUrl\":\"https:\\\/\\\/solidaires-etudiant-e-s.org\\\/site\\\/wp-content\\\/uploads\\\/2025\\\/08\\\/logo-guide-etu-infi.png\",\"datePublished\":\"2025-08-22T13:17:25+00:00\",\"dateModified\":\"2025-08-22T13:20:00+00:00\",\"breadcrumb\":{\"@id\":\"https:\\\/\\\/solidaires-etudiant-e-s.org\\\/site\\\/connaitre-ses-droits\\\/guide-de-letudiant-e-infirmier-e\\\/#breadcrumb\"},\"inLanguage\":\"fr-FR\",\"potentialAction\":[{\"@type\":\"ReadAction\",\"target\":[\"https:\\\/\\\/solidaires-etudiant-e-s.org\\\/site\\\/connaitre-ses-droits\\\/guide-de-letudiant-e-infirmier-e\\\/\"]}]},{\"@type\":\"ImageObject\",\"inLanguage\":\"fr-FR\",\"@id\":\"https:\\\/\\\/solidaires-etudiant-e-s.org\\\/site\\\/connaitre-ses-droits\\\/guide-de-letudiant-e-infirmier-e\\\/#primaryimage\",\"url\":\"https:\\\/\\\/solidaires-etudiant-e-s.org\\\/site\\\/wp-content\\\/uploads\\\/2025\\\/08\\\/logo-guide-etu-infi.png\",\"contentUrl\":\"https:\\\/\\\/solidaires-etudiant-e-s.org\\\/site\\\/wp-content\\\/uploads\\\/2025\\\/08\\\/logo-guide-etu-infi.png\",\"width\":698,\"height\":698},{\"@type\":\"BreadcrumbList\",\"@id\":\"https:\\\/\\\/solidaires-etudiant-e-s.org\\\/site\\\/connaitre-ses-droits\\\/guide-de-letudiant-e-infirmier-e\\\/#breadcrumb\",\"itemListElement\":[{\"@type\":\"ListItem\",\"position\":1,\"name\":\"Accueil\",\"item\":\"https:\\\/\\\/solidaires-etudiant-e-s.org\\\/site\\\/\"},{\"@type\":\"ListItem\",\"position\":2,\"name\":\"Conna\u00eetre ses droits\",\"item\":\"https:\\\/\\\/solidaires-etudiant-e-s.org\\\/site\\\/connaitre-ses-droits\\\/\"},{\"@type\":\"ListItem\",\"position\":3,\"name\":\"Guide de l&rsquo;\u00e9tudiant-e infirmi\u00e8r-e\"}]},{\"@type\":\"WebSite\",\"@id\":\"https:\\\/\\\/solidaires-etudiant-e-s.org\\\/site\\\/#website\",\"url\":\"https:\\\/\\\/solidaires-etudiant-e-s.org\\\/site\\\/\",\"name\":\"Solidaires \u00e9tudiant-e-s\",\"description\":\"Syndicats pour un enseignement sup\u00e9rieur gratuit, ouvert, et \u00e9mancipateur !\",\"publisher\":{\"@id\":\"https:\\\/\\\/solidaires-etudiant-e-s.org\\\/site\\\/#organization\"},\"potentialAction\":[{\"@type\":\"SearchAction\",\"target\":{\"@type\":\"EntryPoint\",\"urlTemplate\":\"https:\\\/\\\/solidaires-etudiant-e-s.org\\\/site\\\/?s={search_term_string}\"},\"query-input\":{\"@type\":\"PropertyValueSpecification\",\"valueRequired\":true,\"valueName\":\"search_term_string\"}}],\"inLanguage\":\"fr-FR\"},{\"@type\":\"Organization\",\"@id\":\"https:\\\/\\\/solidaires-etudiant-e-s.org\\\/site\\\/#organization\",\"name\":\"Solidaires \u00e9tudiant-e-s\",\"url\":\"https:\\\/\\\/solidaires-etudiant-e-s.org\\\/site\\\/\",\"logo\":{\"@type\":\"ImageObject\",\"inLanguage\":\"fr-FR\",\"@id\":\"https:\\\/\\\/solidaires-etudiant-e-s.org\\\/site\\\/#\\\/schema\\\/logo\\\/image\\\/\",\"url\":\"https:\\\/\\\/solidaires-etudiant-e-s.org\\\/site\\\/wp-content\\\/uploads\\\/2025\\\/12\\\/13-1.png\",\"contentUrl\":\"https:\\\/\\\/solidaires-etudiant-e-s.org\\\/site\\\/wp-content\\\/uploads\\\/2025\\\/12\\\/13-1.png\",\"width\":1181,\"height\":827,\"caption\":\"Solidaires \u00e9tudiant-e-s\"},\"image\":{\"@id\":\"https:\\\/\\\/solidaires-etudiant-e-s.org\\\/site\\\/#\\\/schema\\\/logo\\\/image\\\/\"},\"sameAs\":[\"https:\\\/\\\/www.facebook.com\\\/solidairesetudiantes\",\"https:\\\/\\\/x.com\\\/SolidairesEtu\",\"https:\\\/\\\/www.instagram.com\\\/solidairesetu\\\/\",\"https:\\\/\\\/bsky.app\\\/profile\\\/solidaires-etudiant-e-s.org\",\"https:\\\/\\\/mastodon.social\\\/@solidairesetu\",\"https:\\\/\\\/www.youtube.com\\\/channel\\\/UC_iZN9gmVAAnXbBM7wAWOag\"]}]}<\/script>\n<!-- \/ Yoast SEO plugin. -->","yoast_head_json":{"title":"Guide de l'\u00e9tudiant-e infirmi\u00e8r-e - Solidaires \u00e9tudiant-e-s","robots":{"index":"index","follow":"follow","max-snippet":"max-snippet:-1","max-image-preview":"max-image-preview:large","max-video-preview":"max-video-preview:-1"},"canonical":"https:\/\/solidaires-etudiant-e-s.org\/site\/connaitre-ses-droits\/guide-de-letudiant-e-infirmier-e\/","og_locale":"fr_FR","og_type":"article","og_title":"Guide de l'\u00e9tudiant-e infirmi\u00e8r-e - Solidaires \u00e9tudiant-e-s","og_description":"Solidaires \u00c9tudiant-e-s, syndique tous les \u00e9tudiant-e-s, y compris celleux en IFSI\/IFAS ! [&hellip;]","og_url":"https:\/\/solidaires-etudiant-e-s.org\/site\/connaitre-ses-droits\/guide-de-letudiant-e-infirmier-e\/","og_site_name":"Solidaires \u00e9tudiant-e-s","article_publisher":"https:\/\/www.facebook.com\/solidairesetudiantes","article_modified_time":"2025-08-22T13:20:00+00:00","og_image":[{"width":698,"height":698,"url":"https:\/\/solidaires-etudiant-e-s.org\/site\/wp-content\/uploads\/2025\/08\/logo-guide-etu-infi.png","type":"image\/png"}],"twitter_card":"summary_large_image","twitter_site":"@SolidairesEtu","twitter_misc":{"Dur\u00e9e de lecture estim\u00e9e":"1 minute"},"schema":{"@context":"https:\/\/schema.org","@graph":[{"@type":"WebPage","@id":"https:\/\/solidaires-etudiant-e-s.org\/site\/connaitre-ses-droits\/guide-de-letudiant-e-infirmier-e\/","url":"https:\/\/solidaires-etudiant-e-s.org\/site\/connaitre-ses-droits\/guide-de-letudiant-e-infirmier-e\/","name":"Guide de l'\u00e9tudiant-e infirmi\u00e8r-e - Solidaires \u00e9tudiant-e-s","isPartOf":{"@id":"https:\/\/solidaires-etudiant-e-s.org\/site\/#website"},"primaryImageOfPage":{"@id":"https:\/\/solidaires-etudiant-e-s.org\/site\/connaitre-ses-droits\/guide-de-letudiant-e-infirmier-e\/#primaryimage"},"image":{"@id":"https:\/\/solidaires-etudiant-e-s.org\/site\/connaitre-ses-droits\/guide-de-letudiant-e-infirmier-e\/#primaryimage"},"thumbnailUrl":"https:\/\/solidaires-etudiant-e-s.org\/site\/wp-content\/uploads\/2025\/08\/logo-guide-etu-infi.png","datePublished":"2025-08-22T13:17:25+00:00","dateModified":"2025-08-22T13:20:00+00:00","breadcrumb":{"@id":"https:\/\/solidaires-etudiant-e-s.org\/site\/connaitre-ses-droits\/guide-de-letudiant-e-infirmier-e\/#breadcrumb"},"inLanguage":"fr-FR","potentialAction":[{"@type":"ReadAction","target":["https:\/\/solidaires-etudiant-e-s.org\/site\/connaitre-ses-droits\/guide-de-letudiant-e-infirmier-e\/"]}]},{"@type":"ImageObject","inLanguage":"fr-FR","@id":"https:\/\/solidaires-etudiant-e-s.org\/site\/connaitre-ses-droits\/guide-de-letudiant-e-infirmier-e\/#primaryimage","url":"https:\/\/solidaires-etudiant-e-s.org\/site\/wp-content\/uploads\/2025\/08\/logo-guide-etu-infi.png","contentUrl":"https:\/\/solidaires-etudiant-e-s.org\/site\/wp-content\/uploads\/2025\/08\/logo-guide-etu-infi.png","width":698,"height":698},{"@type":"BreadcrumbList","@id":"https:\/\/solidaires-etudiant-e-s.org\/site\/connaitre-ses-droits\/guide-de-letudiant-e-infirmier-e\/#breadcrumb","itemListElement":[{"@type":"ListItem","position":1,"name":"Accueil","item":"https:\/\/solidaires-etudiant-e-s.org\/site\/"},{"@type":"ListItem","position":2,"name":"Conna\u00eetre ses droits","item":"https:\/\/solidaires-etudiant-e-s.org\/site\/connaitre-ses-droits\/"},{"@type":"ListItem","position":3,"name":"Guide de l&rsquo;\u00e9tudiant-e infirmi\u00e8r-e"}]},{"@type":"WebSite","@id":"https:\/\/solidaires-etudiant-e-s.org\/site\/#website","url":"https:\/\/solidaires-etudiant-e-s.org\/site\/","name":"Solidaires \u00e9tudiant-e-s","description":"Syndicats pour un enseignement sup\u00e9rieur gratuit, ouvert, et \u00e9mancipateur !","publisher":{"@id":"https:\/\/solidaires-etudiant-e-s.org\/site\/#organization"},"potentialAction":[{"@type":"SearchAction","target":{"@type":"EntryPoint","urlTemplate":"https:\/\/solidaires-etudiant-e-s.org\/site\/?s={search_term_string}"},"query-input":{"@type":"PropertyValueSpecification","valueRequired":true,"valueName":"search_term_string"}}],"inLanguage":"fr-FR"},{"@type":"Organization","@id":"https:\/\/solidaires-etudiant-e-s.org\/site\/#organization","name":"Solidaires \u00e9tudiant-e-s","url":"https:\/\/solidaires-etudiant-e-s.org\/site\/","logo":{"@type":"ImageObject","inLanguage":"fr-FR","@id":"https:\/\/solidaires-etudiant-e-s.org\/site\/#\/schema\/logo\/image\/","url":"https:\/\/solidaires-etudiant-e-s.org\/site\/wp-content\/uploads\/2025\/12\/13-1.png","contentUrl":"https:\/\/solidaires-etudiant-e-s.org\/site\/wp-content\/uploads\/2025\/12\/13-1.png","width":1181,"height":827,"caption":"Solidaires \u00e9tudiant-e-s"},"image":{"@id":"https:\/\/solidaires-etudiant-e-s.org\/site\/#\/schema\/logo\/image\/"},"sameAs":["https:\/\/www.facebook.com\/solidairesetudiantes","https:\/\/x.com\/SolidairesEtu","https:\/\/www.instagram.com\/solidairesetu\/","https:\/\/bsky.app\/profile\/solidaires-etudiant-e-s.org","https:\/\/mastodon.social\/@solidairesetu","https:\/\/www.youtube.com\/channel\/UC_iZN9gmVAAnXbBM7wAWOag"]}]}},"_links":{"self":[{"href":"https:\/\/solidaires-etudiant-e-s.org\/site\/wp-json\/wp\/v2\/pages\/7849","targetHints":{"allow":["GET"]}}],"collection":[{"href":"https:\/\/solidaires-etudiant-e-s.org\/site\/wp-json\/wp\/v2\/pages"}],"about":[{"href":"https:\/\/solidaires-etudiant-e-s.org\/site\/wp-json\/wp\/v2\/types\/page"}],"author":[{"embeddable":true,"href":"https:\/\/solidaires-etudiant-e-s.org\/site\/wp-json\/wp\/v2\/users\/1"}],"replies":[{"embeddable":true,"href":"https:\/\/solidaires-etudiant-e-s.org\/site\/wp-json\/wp\/v2\/comments?post=7849"}],"version-history":[{"count":1,"href":"https:\/\/solidaires-etudiant-e-s.org\/site\/wp-json\/wp\/v2\/pages\/7849\/revisions"}],"predecessor-version":[{"id":7851,"href":"https:\/\/solidaires-etudiant-e-s.org\/site\/wp-json\/wp\/v2\/pages\/7849\/revisions\/7851"}],"up":[{"embeddable":true,"href":"https:\/\/solidaires-etudiant-e-s.org\/site\/wp-json\/wp\/v2\/pages\/2"}],"wp:featuredmedia":[{"embeddable":true,"href":"https:\/\/solidaires-etudiant-e-s.org\/site\/wp-json\/wp\/v2\/media\/7844"}],"wp:attachment":[{"href":"https:\/\/solidaires-etudiant-e-s.org\/site\/wp-json\/wp\/v2\/media?parent=7849"}],"curies":[{"name":"wp","href":"https:\/\/api.w.org\/{rel}","templated":true}]}}