{"id":7397,"date":"2024-12-28T08:43:17","date_gmt":"2024-12-28T07:43:17","guid":{"rendered":"https:\/\/solidaires-etudiant-e-s.org\/site\/?page_id=7397"},"modified":"2025-01-08T01:46:36","modified_gmt":"2025-01-08T00:46:36","slug":"guide-des-droits-des-stagiaires","status":"publish","type":"page","link":"https:\/\/solidaires-etudiant-e-s.org\/site\/connaitre-ses-droits\/guide-des-droits-des-stagiaires\/","title":{"rendered":"Guide des droits des stagiaires"},"content":{"rendered":"\n<p>En tant qu\u2019\u00e9tudiant-e-s, notre cursus universitaire passe quasi n\u00e9cessairement par des stages. Bien souvent les stagiaires sont utilis\u00e9-e-s comme de la chair \u00e0 patron : salaire minuscule, droits bafou\u00e9s, contrat tr\u00e8s court et tr\u00e8s pr\u00e9caire qui remplace parfois des CDI\/CDD\u2026 Face \u00e0 cette situation notre f\u00e9d\u00e9ration a d\u00e9cid\u00e9 de cr\u00e9er un outil pour s\u2019informer sur ses droits en tant que stagiaire, et pour pouvoir r\u00e9agir face \u00e0 une situation de maltraitance.<\/p>\n\n\n\n<p>Si tu as besoin de conseils ou que tu souhaites \u00eatre accompagn\u00e9-e syndicalement dans le cadre ton stage ou de tes \u00e9tudes, <a href=\"https:\/\/solidaires-etudiant-e-s.org\/site\/nous-contacter\/\">contacte-nous<\/a> ! <\/p>\n\n\n\n<div data-wp-interactive=\"core\/file\" class=\"wp-block-file\"><object data-wp-bind--hidden=\"!state.hasPdfPreview\" hidden class=\"wp-block-file__embed\" data=\"https:\/\/solidaires-etudiant-e-s.org\/site\/wp-content\/uploads\/2023\/05\/guide-droits-stagiaires-rouge-version-finale.pdf\" type=\"application\/pdf\" style=\"width:100%;height:1030px\" aria-label=\"Contenu embarqu\u00e9 guide-droits-stagiaires-rouge-version-finale.\"><\/object><a id=\"wp-block-file--media-2bd1b5c6-0f4a-42b5-944e-0319ea186f6a\" href=\"https:\/\/solidaires-etudiant-e-s.org\/site\/wp-content\/uploads\/2023\/05\/guide-droits-stagiaires-rouge-version-finale.pdf\">guide-droits-stagiaires-rouge-version-finale<\/a><a href=\"https:\/\/solidaires-etudiant-e-s.org\/site\/wp-content\/uploads\/2023\/05\/guide-droits-stagiaires-rouge-version-finale.pdf\" class=\"wp-block-file__button wp-element-button\" download aria-describedby=\"wp-block-file--media-2bd1b5c6-0f4a-42b5-944e-0319ea186f6a\">T\u00e9l\u00e9charger<\/a><\/div>\n","protected":false},"excerpt":{"rendered":"<p>En tant qu\u2019\u00e9tudiant-e-s, notre cursus universitaire passe quasi n\u00e9cessairement par des stages. [&hellip;]<\/p>\n","protected":false},"author":1,"featured_media":6945,"parent":2,"menu_order":0,"comment_status":"closed","ping_status":"closed","template":"","meta":{"cybocfi_hide_featured_image":"yes","footnotes":""},"class_list":{"0":"post-7397","1":"page","2":"type-page","3":"status-publish","4":"has-post-thumbnail","6":"col-md-4 col-sm-4"},"featured_image_src":"https:\/\/solidaires-etudiant-e-s.org\/site\/wp-content\/uploads\/2023\/05\/Guide-des-droits-insta.webp","yoast_head":"<!-- This site is optimized with the Yoast SEO plugin v27.3 - https:\/\/yoast.com\/product\/yoast-seo-wordpress\/ -->\n<title>Guide des droits des stagiaires - Solidaires \u00e9tudiant-e-s<\/title>\n<meta name=\"description\" content=\"Notre f\u00e9d\u00e9ration a d\u00e9cid\u00e9 de cr\u00e9er un outil pour s\u2019informer sur ses droits en tant que stagiaire, et pour pouvoir r\u00e9agir face \u00e0 une situation de maltraitance.\" \/>\n<meta name=\"robots\" content=\"index, follow, max-snippet:-1, max-image-preview:large, max-video-preview:-1\" \/>\n<link rel=\"canonical\" href=\"https:\/\/solidaires-etudiant-e-s.org\/site\/connaitre-ses-droits\/guide-des-droits-des-stagiaires\/\" \/>\n<meta property=\"og:locale\" content=\"fr_FR\" \/>\n<meta property=\"og:type\" content=\"article\" \/>\n<meta property=\"og:title\" content=\"Guide des droits des stagiaires - Solidaires \u00e9tudiant-e-s\" \/>\n<meta property=\"og:description\" content=\"Notre f\u00e9d\u00e9ration a d\u00e9cid\u00e9 de cr\u00e9er un outil pour s\u2019informer sur ses droits en tant que stagiaire, et pour pouvoir r\u00e9agir face \u00e0 une situation de maltraitance.\" \/>\n<meta property=\"og:url\" content=\"https:\/\/solidaires-etudiant-e-s.org\/site\/connaitre-ses-droits\/guide-des-droits-des-stagiaires\/\" \/>\n<meta property=\"og:site_name\" content=\"Solidaires \u00e9tudiant-e-s\" \/>\n<meta property=\"article:publisher\" content=\"https:\/\/www.facebook.com\/solidairesetudiantes\" \/>\n<meta property=\"article:modified_time\" content=\"2025-01-08T00:46:36+00:00\" \/>\n<meta property=\"og:image\" content=\"https:\/\/solidaires-etudiant-e-s.org\/site\/wp-content\/uploads\/2023\/05\/Guide-des-droits-insta.webp\" \/>\n\t<meta property=\"og:image:width\" content=\"1080\" \/>\n\t<meta property=\"og:image:height\" content=\"1080\" \/>\n\t<meta property=\"og:image:type\" content=\"image\/webp\" \/>\n<meta name=\"twitter:card\" content=\"summary_large_image\" \/>\n<meta name=\"twitter:site\" content=\"@SolidairesEtu\" \/>\n<meta name=\"twitter:label1\" content=\"Dur\u00e9e de lecture estim\u00e9e\" \/>\n\t<meta name=\"twitter:data1\" content=\"1 minute\" \/>\n<script type=\"application\/ld+json\" class=\"yoast-schema-graph\">{\"@context\":\"https:\\\/\\\/schema.org\",\"@graph\":[{\"@type\":\"WebPage\",\"@id\":\"https:\\\/\\\/solidaires-etudiant-e-s.org\\\/site\\\/connaitre-ses-droits\\\/guide-des-droits-des-stagiaires\\\/\",\"url\":\"https:\\\/\\\/solidaires-etudiant-e-s.org\\\/site\\\/connaitre-ses-droits\\\/guide-des-droits-des-stagiaires\\\/\",\"name\":\"Guide des droits des stagiaires - Solidaires \u00e9tudiant-e-s\",\"isPartOf\":{\"@id\":\"https:\\\/\\\/solidaires-etudiant-e-s.org\\\/site\\\/#website\"},\"primaryImageOfPage\":{\"@id\":\"https:\\\/\\\/solidaires-etudiant-e-s.org\\\/site\\\/connaitre-ses-droits\\\/guide-des-droits-des-stagiaires\\\/#primaryimage\"},\"image\":{\"@id\":\"https:\\\/\\\/solidaires-etudiant-e-s.org\\\/site\\\/connaitre-ses-droits\\\/guide-des-droits-des-stagiaires\\\/#primaryimage\"},\"thumbnailUrl\":\"https:\\\/\\\/solidaires-etudiant-e-s.org\\\/site\\\/wp-content\\\/uploads\\\/2023\\\/05\\\/Guide-des-droits-insta.webp\",\"datePublished\":\"2024-12-28T07:43:17+00:00\",\"dateModified\":\"2025-01-08T00:46:36+00:00\",\"description\":\"Notre f\u00e9d\u00e9ration a d\u00e9cid\u00e9 de cr\u00e9er un outil pour s\u2019informer sur ses droits en tant que stagiaire, et pour pouvoir r\u00e9agir face \u00e0 une situation de maltraitance.\",\"breadcrumb\":{\"@id\":\"https:\\\/\\\/solidaires-etudiant-e-s.org\\\/site\\\/connaitre-ses-droits\\\/guide-des-droits-des-stagiaires\\\/#breadcrumb\"},\"inLanguage\":\"fr-FR\",\"potentialAction\":[{\"@type\":\"ReadAction\",\"target\":[\"https:\\\/\\\/solidaires-etudiant-e-s.org\\\/site\\\/connaitre-ses-droits\\\/guide-des-droits-des-stagiaires\\\/\"]}]},{\"@type\":\"BreadcrumbList\",\"@id\":\"https:\\\/\\\/solidaires-etudiant-e-s.org\\\/site\\\/connaitre-ses-droits\\\/guide-des-droits-des-stagiaires\\\/#breadcrumb\",\"itemListElement\":[{\"@type\":\"ListItem\",\"position\":1,\"name\":\"Accueil\",\"item\":\"https:\\\/\\\/solidaires-etudiant-e-s.org\\\/site\\\/\"},{\"@type\":\"ListItem\",\"position\":2,\"name\":\"Conna\u00eetre ses droits\",\"item\":\"https:\\\/\\\/solidaires-etudiant-e-s.org\\\/site\\\/connaitre-ses-droits\\\/\"},{\"@type\":\"ListItem\",\"position\":3,\"name\":\"Guide des droits des stagiaires\"}]},{\"@type\":\"WebSite\",\"@id\":\"https:\\\/\\\/solidaires-etudiant-e-s.org\\\/site\\\/#website\",\"url\":\"https:\\\/\\\/solidaires-etudiant-e-s.org\\\/site\\\/\",\"name\":\"Solidaires \u00e9tudiant-e-s\",\"description\":\"Syndicats pour un enseignement sup\u00e9rieur gratuit, ouvert, et \u00e9mancipateur !\",\"publisher\":{\"@id\":\"https:\\\/\\\/solidaires-etudiant-e-s.org\\\/site\\\/#organization\"},\"potentialAction\":[{\"@type\":\"SearchAction\",\"target\":{\"@type\":\"EntryPoint\",\"urlTemplate\":\"https:\\\/\\\/solidaires-etudiant-e-s.org\\\/site\\\/?s={search_term_string}\"},\"query-input\":{\"@type\":\"PropertyValueSpecification\",\"valueRequired\":true,\"valueName\":\"search_term_string\"}}],\"inLanguage\":\"fr-FR\"},{\"@type\":\"Organization\",\"@id\":\"https:\\\/\\\/solidaires-etudiant-e-s.org\\\/site\\\/#organization\",\"name\":\"Solidaires \u00e9tudiant-e-s\",\"url\":\"https:\\\/\\\/solidaires-etudiant-e-s.org\\\/site\\\/\",\"logo\":{\"@type\":\"ImageObject\",\"inLanguage\":\"fr-FR\",\"@id\":\"https:\\\/\\\/solidaires-etudiant-e-s.org\\\/site\\\/#\\\/schema\\\/logo\\\/image\\\/\",\"url\":\"https:\\\/\\\/solidaires-etudiant-e-s.org\\\/site\\\/wp-content\\\/uploads\\\/2025\\\/12\\\/13-1.png\",\"contentUrl\":\"https:\\\/\\\/solidaires-etudiant-e-s.org\\\/site\\\/wp-content\\\/uploads\\\/2025\\\/12\\\/13-1.png\",\"width\":1181,\"height\":827,\"caption\":\"Solidaires \u00e9tudiant-e-s\"},\"image\":{\"@id\":\"https:\\\/\\\/solidaires-etudiant-e-s.org\\\/site\\\/#\\\/schema\\\/logo\\\/image\\\/\"},\"sameAs\":[\"https:\\\/\\\/www.facebook.com\\\/solidairesetudiantes\",\"https:\\\/\\\/x.com\\\/SolidairesEtu\",\"https:\\\/\\\/www.instagram.com\\\/solidairesetu\\\/\",\"https:\\\/\\\/bsky.app\\\/profile\\\/solidaires-etudiant-e-s.org\",\"https:\\\/\\\/mastodon.social\\\/@solidairesetu\",\"https:\\\/\\\/www.youtube.com\\\/channel\\\/UC_iZN9gmVAAnXbBM7wAWOag\"]}]}<\/script>\n<!-- \/ Yoast SEO plugin. -->","yoast_head_json":{"title":"Guide des droits des stagiaires - Solidaires \u00e9tudiant-e-s","description":"Notre f\u00e9d\u00e9ration a d\u00e9cid\u00e9 de cr\u00e9er un outil pour s\u2019informer sur ses droits en tant que stagiaire, et pour pouvoir r\u00e9agir face \u00e0 une situation de maltraitance.","robots":{"index":"index","follow":"follow","max-snippet":"max-snippet:-1","max-image-preview":"max-image-preview:large","max-video-preview":"max-video-preview:-1"},"canonical":"https:\/\/solidaires-etudiant-e-s.org\/site\/connaitre-ses-droits\/guide-des-droits-des-stagiaires\/","og_locale":"fr_FR","og_type":"article","og_title":"Guide des droits des stagiaires - Solidaires \u00e9tudiant-e-s","og_description":"Notre f\u00e9d\u00e9ration a d\u00e9cid\u00e9 de cr\u00e9er un outil pour s\u2019informer sur ses droits en tant que stagiaire, et pour pouvoir r\u00e9agir face \u00e0 une situation de maltraitance.","og_url":"https:\/\/solidaires-etudiant-e-s.org\/site\/connaitre-ses-droits\/guide-des-droits-des-stagiaires\/","og_site_name":"Solidaires \u00e9tudiant-e-s","article_publisher":"https:\/\/www.facebook.com\/solidairesetudiantes","article_modified_time":"2025-01-08T00:46:36+00:00","og_image":[{"width":1080,"height":1080,"url":"https:\/\/solidaires-etudiant-e-s.org\/site\/wp-content\/uploads\/2023\/05\/Guide-des-droits-insta.webp","type":"image\/webp"}],"twitter_card":"summary_large_image","twitter_site":"@SolidairesEtu","twitter_misc":{"Dur\u00e9e de lecture estim\u00e9e":"1 minute"},"schema":{"@context":"https:\/\/schema.org","@graph":[{"@type":"WebPage","@id":"https:\/\/solidaires-etudiant-e-s.org\/site\/connaitre-ses-droits\/guide-des-droits-des-stagiaires\/","url":"https:\/\/solidaires-etudiant-e-s.org\/site\/connaitre-ses-droits\/guide-des-droits-des-stagiaires\/","name":"Guide des droits des stagiaires - Solidaires \u00e9tudiant-e-s","isPartOf":{"@id":"https:\/\/solidaires-etudiant-e-s.org\/site\/#website"},"primaryImageOfPage":{"@id":"https:\/\/solidaires-etudiant-e-s.org\/site\/connaitre-ses-droits\/guide-des-droits-des-stagiaires\/#primaryimage"},"image":{"@id":"https:\/\/solidaires-etudiant-e-s.org\/site\/connaitre-ses-droits\/guide-des-droits-des-stagiaires\/#primaryimage"},"thumbnailUrl":"https:\/\/solidaires-etudiant-e-s.org\/site\/wp-content\/uploads\/2023\/05\/Guide-des-droits-insta.webp","datePublished":"2024-12-28T07:43:17+00:00","dateModified":"2025-01-08T00:46:36+00:00","description":"Notre f\u00e9d\u00e9ration a d\u00e9cid\u00e9 de cr\u00e9er un outil pour s\u2019informer sur ses droits en tant que stagiaire, et pour pouvoir r\u00e9agir face \u00e0 une situation de maltraitance.","breadcrumb":{"@id":"https:\/\/solidaires-etudiant-e-s.org\/site\/connaitre-ses-droits\/guide-des-droits-des-stagiaires\/#breadcrumb"},"inLanguage":"fr-FR","potentialAction":[{"@type":"ReadAction","target":["https:\/\/solidaires-etudiant-e-s.org\/site\/connaitre-ses-droits\/guide-des-droits-des-stagiaires\/"]}]},{"@type":"BreadcrumbList","@id":"https:\/\/solidaires-etudiant-e-s.org\/site\/connaitre-ses-droits\/guide-des-droits-des-stagiaires\/#breadcrumb","itemListElement":[{"@type":"ListItem","position":1,"name":"Accueil","item":"https:\/\/solidaires-etudiant-e-s.org\/site\/"},{"@type":"ListItem","position":2,"name":"Conna\u00eetre ses droits","item":"https:\/\/solidaires-etudiant-e-s.org\/site\/connaitre-ses-droits\/"},{"@type":"ListItem","position":3,"name":"Guide des droits des stagiaires"}]},{"@type":"WebSite","@id":"https:\/\/solidaires-etudiant-e-s.org\/site\/#website","url":"https:\/\/solidaires-etudiant-e-s.org\/site\/","name":"Solidaires \u00e9tudiant-e-s","description":"Syndicats pour un enseignement sup\u00e9rieur gratuit, ouvert, et \u00e9mancipateur !","publisher":{"@id":"https:\/\/solidaires-etudiant-e-s.org\/site\/#organization"},"potentialAction":[{"@type":"SearchAction","target":{"@type":"EntryPoint","urlTemplate":"https:\/\/solidaires-etudiant-e-s.org\/site\/?s={search_term_string}"},"query-input":{"@type":"PropertyValueSpecification","valueRequired":true,"valueName":"search_term_string"}}],"inLanguage":"fr-FR"},{"@type":"Organization","@id":"https:\/\/solidaires-etudiant-e-s.org\/site\/#organization","name":"Solidaires \u00e9tudiant-e-s","url":"https:\/\/solidaires-etudiant-e-s.org\/site\/","logo":{"@type":"ImageObject","inLanguage":"fr-FR","@id":"https:\/\/solidaires-etudiant-e-s.org\/site\/#\/schema\/logo\/image\/","url":"https:\/\/solidaires-etudiant-e-s.org\/site\/wp-content\/uploads\/2025\/12\/13-1.png","contentUrl":"https:\/\/solidaires-etudiant-e-s.org\/site\/wp-content\/uploads\/2025\/12\/13-1.png","width":1181,"height":827,"caption":"Solidaires \u00e9tudiant-e-s"},"image":{"@id":"https:\/\/solidaires-etudiant-e-s.org\/site\/#\/schema\/logo\/image\/"},"sameAs":["https:\/\/www.facebook.com\/solidairesetudiantes","https:\/\/x.com\/SolidairesEtu","https:\/\/www.instagram.com\/solidairesetu\/","https:\/\/bsky.app\/profile\/solidaires-etudiant-e-s.org","https:\/\/mastodon.social\/@solidairesetu","https:\/\/www.youtube.com\/channel\/UC_iZN9gmVAAnXbBM7wAWOag"]}]}},"_links":{"self":[{"href":"https:\/\/solidaires-etudiant-e-s.org\/site\/wp-json\/wp\/v2\/pages\/7397","targetHints":{"allow":["GET"]}}],"collection":[{"href":"https:\/\/solidaires-etudiant-e-s.org\/site\/wp-json\/wp\/v2\/pages"}],"about":[{"href":"https:\/\/solidaires-etudiant-e-s.org\/site\/wp-json\/wp\/v2\/types\/page"}],"author":[{"embeddable":true,"href":"https:\/\/solidaires-etudiant-e-s.org\/site\/wp-json\/wp\/v2\/users\/1"}],"replies":[{"embeddable":true,"href":"https:\/\/solidaires-etudiant-e-s.org\/site\/wp-json\/wp\/v2\/comments?post=7397"}],"version-history":[{"count":2,"href":"https:\/\/solidaires-etudiant-e-s.org\/site\/wp-json\/wp\/v2\/pages\/7397\/revisions"}],"predecessor-version":[{"id":7399,"href":"https:\/\/solidaires-etudiant-e-s.org\/site\/wp-json\/wp\/v2\/pages\/7397\/revisions\/7399"}],"up":[{"embeddable":true,"href":"https:\/\/solidaires-etudiant-e-s.org\/site\/wp-json\/wp\/v2\/pages\/2"}],"wp:featuredmedia":[{"embeddable":true,"href":"https:\/\/solidaires-etudiant-e-s.org\/site\/wp-json\/wp\/v2\/media\/6945"}],"wp:attachment":[{"href":"https:\/\/solidaires-etudiant-e-s.org\/site\/wp-json\/wp\/v2\/media?parent=7397"}],"curies":[{"name":"wp","href":"https:\/\/api.w.org\/{rel}","templated":true}]}}