{"id":7384,"date":"2024-12-28T08:04:07","date_gmt":"2024-12-28T07:04:07","guid":{"rendered":"https:\/\/solidaires-etudiant-e-s.org\/site\/?page_id=7384"},"modified":"2025-01-08T01:47:00","modified_gmt":"2025-01-08T00:47:00","slug":"guide-de-letudiant-e-en-apprentissage","status":"publish","type":"page","link":"https:\/\/solidaires-etudiant-e-s.org\/site\/connaitre-ses-droits\/guide-de-letudiant-e-en-apprentissage\/","title":{"rendered":"Guide de l&rsquo;\u00e9tudiant-e en apprentissage"},"content":{"rendered":"\n<p>Solidaires \u00e9tudiant-e-s, un outil au service des \u00e9tudiant-e-s, quel que soit leur statut !<\/p>\n\n\n\n<p>Cette brochure veut le d\u00e9montrer un peu plus avec l\u2019essentiel de ce qu\u2019il faut savoir lorsqu\u2019on est \u00e9tudiant-e en apprentissage !<\/p>\n\n\n\n<p>Si tu as besoin de conseils ou que tu souhaites \u00eatre accompagn\u00e9-e syndicalement dans le cadre ton apprentissage ou de tes \u00e9tudes, <a href=\"https:\/\/solidaires-etudiant-e-s.org\/site\/nous-contacter\/\">contacte-nous<\/a> !<\/p>\n\n\n\n<div data-wp-interactive=\"core\/file\" class=\"wp-block-file\"><object data-wp-bind--hidden=\"!state.hasPdfPreview\" hidden class=\"wp-block-file__embed\" data=\"https:\/\/solidaires-etudiant-e-s.org\/site\/wp-content\/uploads\/2024\/12\/Guide-de-letudiant-e-en-apprentissage.pdf\" type=\"application\/pdf\" style=\"width:100%;height:1040px\" aria-label=\"Contenu embarqu\u00e9 Guide-de-letudiant-e-en-apprentissage.\"><\/object><a id=\"wp-block-file--media-9c353388-2930-4a11-b3a9-c4b6031f85d8\" href=\"https:\/\/solidaires-etudiant-e-s.org\/site\/wp-content\/uploads\/2024\/12\/Guide-de-letudiant-e-en-apprentissage.pdf\">Guide-de-letudiant-e-en-apprentissage<\/a><a href=\"https:\/\/solidaires-etudiant-e-s.org\/site\/wp-content\/uploads\/2024\/12\/Guide-de-letudiant-e-en-apprentissage.pdf\" class=\"wp-block-file__button wp-element-button\" download aria-describedby=\"wp-block-file--media-9c353388-2930-4a11-b3a9-c4b6031f85d8\">T\u00e9l\u00e9charger<\/a><\/div>\n","protected":false},"excerpt":{"rendered":"<p>Solidaires \u00e9tudiant-e-s, un outil au service des \u00e9tudiant-e-s, quel que soit leur [&hellip;]<\/p>\n","protected":false},"author":1,"featured_media":7390,"parent":2,"menu_order":0,"comment_status":"open","ping_status":"closed","template":"","meta":{"cybocfi_hide_featured_image":"yes","footnotes":""},"class_list":{"0":"post-7384","1":"page","2":"type-page","3":"status-publish","4":"has-post-thumbnail","6":"col-md-4 col-sm-4"},"featured_image_src":"https:\/\/solidaires-etudiant-e-s.org\/site\/wp-content\/uploads\/2024\/12\/Page-de-couverture-guide-etu-en-apprentissage.png","yoast_head":"<!-- This site is optimized with the Yoast SEO plugin v27.4 - https:\/\/yoast.com\/product\/yoast-seo-wordpress\/ -->\n<title>Guide de l&#039;\u00e9tudiant-e en apprentissage - Solidaires \u00e9tudiant-e-s<\/title>\n<meta name=\"description\" content=\"Voici notre guide sur les droits de l&#039;\u00e9tudiant-e en apprentissage !\" \/>\n<meta name=\"robots\" content=\"index, follow, max-snippet:-1, max-image-preview:large, max-video-preview:-1\" \/>\n<link rel=\"canonical\" href=\"https:\/\/solidaires-etudiant-e-s.org\/site\/connaitre-ses-droits\/guide-de-letudiant-e-en-apprentissage\/\" \/>\n<meta property=\"og:locale\" content=\"fr_FR\" \/>\n<meta property=\"og:type\" content=\"article\" \/>\n<meta property=\"og:title\" content=\"Guide de l&#039;\u00e9tudiant-e en apprentissage - Solidaires \u00e9tudiant-e-s\" \/>\n<meta property=\"og:description\" content=\"Voici notre guide sur les droits de l&#039;\u00e9tudiant-e en apprentissage !\" \/>\n<meta property=\"og:url\" content=\"https:\/\/solidaires-etudiant-e-s.org\/site\/connaitre-ses-droits\/guide-de-letudiant-e-en-apprentissage\/\" \/>\n<meta property=\"og:site_name\" content=\"Solidaires \u00e9tudiant-e-s\" \/>\n<meta property=\"article:publisher\" content=\"https:\/\/www.facebook.com\/solidairesetudiantes\" \/>\n<meta property=\"article:modified_time\" content=\"2025-01-08T00:47:00+00:00\" \/>\n<meta property=\"og:image\" content=\"https:\/\/solidaires-etudiant-e-s.org\/site\/wp-content\/uploads\/2024\/12\/Page-de-couverture-guide-etu-en-apprentissage.png\" \/>\n\t<meta property=\"og:image:width\" content=\"1410\" \/>\n\t<meta property=\"og:image:height\" content=\"1410\" \/>\n\t<meta property=\"og:image:type\" content=\"image\/png\" \/>\n<meta name=\"twitter:card\" content=\"summary_large_image\" \/>\n<meta name=\"twitter:site\" content=\"@SolidairesEtu\" \/>\n<meta name=\"twitter:label1\" content=\"Dur\u00e9e de lecture estim\u00e9e\" \/>\n\t<meta name=\"twitter:data1\" content=\"1 minute\" \/>\n<script type=\"application\/ld+json\" class=\"yoast-schema-graph\">{\"@context\":\"https:\\\/\\\/schema.org\",\"@graph\":[{\"@type\":\"WebPage\",\"@id\":\"https:\\\/\\\/solidaires-etudiant-e-s.org\\\/site\\\/connaitre-ses-droits\\\/guide-de-letudiant-e-en-apprentissage\\\/\",\"url\":\"https:\\\/\\\/solidaires-etudiant-e-s.org\\\/site\\\/connaitre-ses-droits\\\/guide-de-letudiant-e-en-apprentissage\\\/\",\"name\":\"Guide de l'\u00e9tudiant-e en apprentissage - Solidaires \u00e9tudiant-e-s\",\"isPartOf\":{\"@id\":\"https:\\\/\\\/solidaires-etudiant-e-s.org\\\/site\\\/#website\"},\"primaryImageOfPage\":{\"@id\":\"https:\\\/\\\/solidaires-etudiant-e-s.org\\\/site\\\/connaitre-ses-droits\\\/guide-de-letudiant-e-en-apprentissage\\\/#primaryimage\"},\"image\":{\"@id\":\"https:\\\/\\\/solidaires-etudiant-e-s.org\\\/site\\\/connaitre-ses-droits\\\/guide-de-letudiant-e-en-apprentissage\\\/#primaryimage\"},\"thumbnailUrl\":\"https:\\\/\\\/solidaires-etudiant-e-s.org\\\/site\\\/wp-content\\\/uploads\\\/2024\\\/12\\\/Page-de-couverture-guide-etu-en-apprentissage.png\",\"datePublished\":\"2024-12-28T07:04:07+00:00\",\"dateModified\":\"2025-01-08T00:47:00+00:00\",\"description\":\"Voici notre guide sur les droits de l'\u00e9tudiant-e en apprentissage !\",\"breadcrumb\":{\"@id\":\"https:\\\/\\\/solidaires-etudiant-e-s.org\\\/site\\\/connaitre-ses-droits\\\/guide-de-letudiant-e-en-apprentissage\\\/#breadcrumb\"},\"inLanguage\":\"fr-FR\",\"potentialAction\":[{\"@type\":\"ReadAction\",\"target\":[\"https:\\\/\\\/solidaires-etudiant-e-s.org\\\/site\\\/connaitre-ses-droits\\\/guide-de-letudiant-e-en-apprentissage\\\/\"]}]},{\"@type\":\"BreadcrumbList\",\"@id\":\"https:\\\/\\\/solidaires-etudiant-e-s.org\\\/site\\\/connaitre-ses-droits\\\/guide-de-letudiant-e-en-apprentissage\\\/#breadcrumb\",\"itemListElement\":[{\"@type\":\"ListItem\",\"position\":1,\"name\":\"Accueil\",\"item\":\"https:\\\/\\\/solidaires-etudiant-e-s.org\\\/site\\\/\"},{\"@type\":\"ListItem\",\"position\":2,\"name\":\"Conna\u00eetre ses droits\",\"item\":\"https:\\\/\\\/solidaires-etudiant-e-s.org\\\/site\\\/connaitre-ses-droits\\\/\"},{\"@type\":\"ListItem\",\"position\":3,\"name\":\"Guide de l&rsquo;\u00e9tudiant-e en apprentissage\"}]},{\"@type\":\"WebSite\",\"@id\":\"https:\\\/\\\/solidaires-etudiant-e-s.org\\\/site\\\/#website\",\"url\":\"https:\\\/\\\/solidaires-etudiant-e-s.org\\\/site\\\/\",\"name\":\"Solidaires \u00e9tudiant-e-s\",\"description\":\"Syndicats pour un enseignement sup\u00e9rieur gratuit, ouvert, et \u00e9mancipateur !\",\"publisher\":{\"@id\":\"https:\\\/\\\/solidaires-etudiant-e-s.org\\\/site\\\/#organization\"},\"potentialAction\":[{\"@type\":\"SearchAction\",\"target\":{\"@type\":\"EntryPoint\",\"urlTemplate\":\"https:\\\/\\\/solidaires-etudiant-e-s.org\\\/site\\\/?s={search_term_string}\"},\"query-input\":{\"@type\":\"PropertyValueSpecification\",\"valueRequired\":true,\"valueName\":\"search_term_string\"}}],\"inLanguage\":\"fr-FR\"},{\"@type\":\"Organization\",\"@id\":\"https:\\\/\\\/solidaires-etudiant-e-s.org\\\/site\\\/#organization\",\"name\":\"Solidaires \u00e9tudiant-e-s\",\"url\":\"https:\\\/\\\/solidaires-etudiant-e-s.org\\\/site\\\/\",\"logo\":{\"@type\":\"ImageObject\",\"inLanguage\":\"fr-FR\",\"@id\":\"https:\\\/\\\/solidaires-etudiant-e-s.org\\\/site\\\/#\\\/schema\\\/logo\\\/image\\\/\",\"url\":\"https:\\\/\\\/solidaires-etudiant-e-s.org\\\/site\\\/wp-content\\\/uploads\\\/2025\\\/12\\\/13-1.png\",\"contentUrl\":\"https:\\\/\\\/solidaires-etudiant-e-s.org\\\/site\\\/wp-content\\\/uploads\\\/2025\\\/12\\\/13-1.png\",\"width\":1181,\"height\":827,\"caption\":\"Solidaires \u00e9tudiant-e-s\"},\"image\":{\"@id\":\"https:\\\/\\\/solidaires-etudiant-e-s.org\\\/site\\\/#\\\/schema\\\/logo\\\/image\\\/\"},\"sameAs\":[\"https:\\\/\\\/www.facebook.com\\\/solidairesetudiantes\",\"https:\\\/\\\/x.com\\\/SolidairesEtu\",\"https:\\\/\\\/www.instagram.com\\\/solidairesetu\\\/\",\"https:\\\/\\\/bsky.app\\\/profile\\\/solidaires-etudiant-e-s.org\",\"https:\\\/\\\/mastodon.social\\\/@solidairesetu\",\"https:\\\/\\\/www.youtube.com\\\/channel\\\/UC_iZN9gmVAAnXbBM7wAWOag\"]}]}<\/script>\n<!-- \/ Yoast SEO plugin. -->","yoast_head_json":{"title":"Guide de l'\u00e9tudiant-e en apprentissage - Solidaires \u00e9tudiant-e-s","description":"Voici notre guide sur les droits de l'\u00e9tudiant-e en apprentissage !","robots":{"index":"index","follow":"follow","max-snippet":"max-snippet:-1","max-image-preview":"max-image-preview:large","max-video-preview":"max-video-preview:-1"},"canonical":"https:\/\/solidaires-etudiant-e-s.org\/site\/connaitre-ses-droits\/guide-de-letudiant-e-en-apprentissage\/","og_locale":"fr_FR","og_type":"article","og_title":"Guide de l'\u00e9tudiant-e en apprentissage - Solidaires \u00e9tudiant-e-s","og_description":"Voici notre guide sur les droits de l'\u00e9tudiant-e en apprentissage !","og_url":"https:\/\/solidaires-etudiant-e-s.org\/site\/connaitre-ses-droits\/guide-de-letudiant-e-en-apprentissage\/","og_site_name":"Solidaires \u00e9tudiant-e-s","article_publisher":"https:\/\/www.facebook.com\/solidairesetudiantes","article_modified_time":"2025-01-08T00:47:00+00:00","og_image":[{"width":1410,"height":1410,"url":"https:\/\/solidaires-etudiant-e-s.org\/site\/wp-content\/uploads\/2024\/12\/Page-de-couverture-guide-etu-en-apprentissage.png","type":"image\/png"}],"twitter_card":"summary_large_image","twitter_site":"@SolidairesEtu","twitter_misc":{"Dur\u00e9e de lecture estim\u00e9e":"1 minute"},"schema":{"@context":"https:\/\/schema.org","@graph":[{"@type":"WebPage","@id":"https:\/\/solidaires-etudiant-e-s.org\/site\/connaitre-ses-droits\/guide-de-letudiant-e-en-apprentissage\/","url":"https:\/\/solidaires-etudiant-e-s.org\/site\/connaitre-ses-droits\/guide-de-letudiant-e-en-apprentissage\/","name":"Guide de l'\u00e9tudiant-e en apprentissage - Solidaires \u00e9tudiant-e-s","isPartOf":{"@id":"https:\/\/solidaires-etudiant-e-s.org\/site\/#website"},"primaryImageOfPage":{"@id":"https:\/\/solidaires-etudiant-e-s.org\/site\/connaitre-ses-droits\/guide-de-letudiant-e-en-apprentissage\/#primaryimage"},"image":{"@id":"https:\/\/solidaires-etudiant-e-s.org\/site\/connaitre-ses-droits\/guide-de-letudiant-e-en-apprentissage\/#primaryimage"},"thumbnailUrl":"https:\/\/solidaires-etudiant-e-s.org\/site\/wp-content\/uploads\/2024\/12\/Page-de-couverture-guide-etu-en-apprentissage.png","datePublished":"2024-12-28T07:04:07+00:00","dateModified":"2025-01-08T00:47:00+00:00","description":"Voici notre guide sur les droits de l'\u00e9tudiant-e en apprentissage !","breadcrumb":{"@id":"https:\/\/solidaires-etudiant-e-s.org\/site\/connaitre-ses-droits\/guide-de-letudiant-e-en-apprentissage\/#breadcrumb"},"inLanguage":"fr-FR","potentialAction":[{"@type":"ReadAction","target":["https:\/\/solidaires-etudiant-e-s.org\/site\/connaitre-ses-droits\/guide-de-letudiant-e-en-apprentissage\/"]}]},{"@type":"BreadcrumbList","@id":"https:\/\/solidaires-etudiant-e-s.org\/site\/connaitre-ses-droits\/guide-de-letudiant-e-en-apprentissage\/#breadcrumb","itemListElement":[{"@type":"ListItem","position":1,"name":"Accueil","item":"https:\/\/solidaires-etudiant-e-s.org\/site\/"},{"@type":"ListItem","position":2,"name":"Conna\u00eetre ses droits","item":"https:\/\/solidaires-etudiant-e-s.org\/site\/connaitre-ses-droits\/"},{"@type":"ListItem","position":3,"name":"Guide de l&rsquo;\u00e9tudiant-e en apprentissage"}]},{"@type":"WebSite","@id":"https:\/\/solidaires-etudiant-e-s.org\/site\/#website","url":"https:\/\/solidaires-etudiant-e-s.org\/site\/","name":"Solidaires \u00e9tudiant-e-s","description":"Syndicats pour un enseignement sup\u00e9rieur gratuit, ouvert, et \u00e9mancipateur !","publisher":{"@id":"https:\/\/solidaires-etudiant-e-s.org\/site\/#organization"},"potentialAction":[{"@type":"SearchAction","target":{"@type":"EntryPoint","urlTemplate":"https:\/\/solidaires-etudiant-e-s.org\/site\/?s={search_term_string}"},"query-input":{"@type":"PropertyValueSpecification","valueRequired":true,"valueName":"search_term_string"}}],"inLanguage":"fr-FR"},{"@type":"Organization","@id":"https:\/\/solidaires-etudiant-e-s.org\/site\/#organization","name":"Solidaires \u00e9tudiant-e-s","url":"https:\/\/solidaires-etudiant-e-s.org\/site\/","logo":{"@type":"ImageObject","inLanguage":"fr-FR","@id":"https:\/\/solidaires-etudiant-e-s.org\/site\/#\/schema\/logo\/image\/","url":"https:\/\/solidaires-etudiant-e-s.org\/site\/wp-content\/uploads\/2025\/12\/13-1.png","contentUrl":"https:\/\/solidaires-etudiant-e-s.org\/site\/wp-content\/uploads\/2025\/12\/13-1.png","width":1181,"height":827,"caption":"Solidaires \u00e9tudiant-e-s"},"image":{"@id":"https:\/\/solidaires-etudiant-e-s.org\/site\/#\/schema\/logo\/image\/"},"sameAs":["https:\/\/www.facebook.com\/solidairesetudiantes","https:\/\/x.com\/SolidairesEtu","https:\/\/www.instagram.com\/solidairesetu\/","https:\/\/bsky.app\/profile\/solidaires-etudiant-e-s.org","https:\/\/mastodon.social\/@solidairesetu","https:\/\/www.youtube.com\/channel\/UC_iZN9gmVAAnXbBM7wAWOag"]}]}},"_links":{"self":[{"href":"https:\/\/solidaires-etudiant-e-s.org\/site\/wp-json\/wp\/v2\/pages\/7384","targetHints":{"allow":["GET"]}}],"collection":[{"href":"https:\/\/solidaires-etudiant-e-s.org\/site\/wp-json\/wp\/v2\/pages"}],"about":[{"href":"https:\/\/solidaires-etudiant-e-s.org\/site\/wp-json\/wp\/v2\/types\/page"}],"author":[{"embeddable":true,"href":"https:\/\/solidaires-etudiant-e-s.org\/site\/wp-json\/wp\/v2\/users\/1"}],"replies":[{"embeddable":true,"href":"https:\/\/solidaires-etudiant-e-s.org\/site\/wp-json\/wp\/v2\/comments?post=7384"}],"version-history":[{"count":3,"href":"https:\/\/solidaires-etudiant-e-s.org\/site\/wp-json\/wp\/v2\/pages\/7384\/revisions"}],"predecessor-version":[{"id":7440,"href":"https:\/\/solidaires-etudiant-e-s.org\/site\/wp-json\/wp\/v2\/pages\/7384\/revisions\/7440"}],"up":[{"embeddable":true,"href":"https:\/\/solidaires-etudiant-e-s.org\/site\/wp-json\/wp\/v2\/pages\/2"}],"wp:featuredmedia":[{"embeddable":true,"href":"https:\/\/solidaires-etudiant-e-s.org\/site\/wp-json\/wp\/v2\/media\/7390"}],"wp:attachment":[{"href":"https:\/\/solidaires-etudiant-e-s.org\/site\/wp-json\/wp\/v2\/media?parent=7384"}],"curies":[{"name":"wp","href":"https:\/\/api.w.org\/{rel}","templated":true}]}}