{"id":21,"date":"2018-02-03T16:29:00","date_gmt":"2018-02-03T15:29:00","guid":{"rendered":"http:\/\/cluster013.ovh.net\/~solidairmn\/?page_id=21"},"modified":"2026-03-12T21:55:24","modified_gmt":"2026-03-12T20:55:24","slug":"qui-sommes-nous","status":"publish","type":"page","link":"https:\/\/solidaires-etudiant-e-s.org\/site\/qui-sommes-nous\/","title":{"rendered":"QUI SOMMES NOUS ?"},"content":{"rendered":"\n<h2 class=\"wp-block-heading\">Solidaires \u00e9tudiant-e-s est une f\u00e9d\u00e9ration des syndicats \u00e9tudiants de luttes<\/h2>\n\n\n\n<p>Nous d\u00e9fendons les droits des \u00e9tudiants et des \u00e9tudiantes au quotidien, au niveau des conditions d&rsquo;\u00e9tudes, de logement, des inscriptions, des bourses, des examens&#8230;<\/p>\n\n\n\n<p>A Solidaires \u00e9tudiant\u00ad-e\u00ad-s, syndicats&nbsp; de&nbsp; luttes,&nbsp; nous&nbsp; militons&nbsp; pour&nbsp; une universit\u00e9&nbsp; gratuite,&nbsp; ouverte&nbsp; \u00e0&nbsp; tou\u00adt-e\u00ad-s,&nbsp; de&nbsp; qualit\u00e9,&nbsp; \u00e9mancipatrice&nbsp; et&nbsp; autog\u00e9r\u00e9e.<\/p>\n\n\n\n<p>Nous&nbsp;luttons contre les lois portant atteinte au service public de l&rsquo;enseignement sup\u00e9rieur (comme la&nbsp;loi&nbsp;Fioraso, la&nbsp;&nbsp;LRU),&nbsp;dans&nbsp;les luttes contre la pr\u00e9carit\u00e9 dans l&rsquo;enseignement sup\u00e9rieur, mais aussi contre la destruction des droits des travailleurs et des travailleuses<\/p>\n\n\n\n<p>Solidaires \u00e9tudiant\u00ad-e\u00ad-s, syndicats de luttes combat&nbsp;toute&nbsp;forme&nbsp;d\u2019<wbr>oppression&nbsp;et&nbsp;participe&nbsp;aux luttes&nbsp;anti\u00adpatriarcales,&nbsp;<wbr>antifascistes,&nbsp;<wbr>anticapitalistes,&nbsp;<wbr>antiracistes\u2026<\/p>\n\n\n\n<p><b>Syndicats&nbsp;<\/b>au pluriel car nous sommes une f\u00e9d\u00e9ration regroupant plus de 20 syndicats r\u00e9partis sur des dizaines d&rsquo;universit\u00e9s aux r\u00e9alit\u00e9s locales vari\u00e9es. L\u02bcautonomie&nbsp; des syndicats permet ainsi une ad\u00e9quation \u00e0 ce terrain. Nous sommes r\u00e9unis en f\u00e9d\u00e9ration afin de nous coordonner car les attaque qui nous touchent sont nationales ou internationales. Nous souhaitons ainsi nous donner les moyens de lutter collectivement, tout en adoptant un fonctionnement d\u00e9mocratique.<\/p>\n\n\n\n<p><strong>L<\/strong><b>uttes&nbsp;<\/b>au&nbsp;pluriel,&nbsp;car&nbsp;les&nbsp;luttes&nbsp;sont&nbsp;diverses,&nbsp;multiples&nbsp;dans&nbsp;leurs&nbsp;formes,&nbsp;que&nbsp;nous&nbsp;sommes&nbsp;partie prenante des luttes&nbsp;hors&nbsp;des&nbsp;lieux&nbsp;d\u02bc\u00e9tudes&nbsp;mais&nbsp;aussi&nbsp;parce&nbsp;que&nbsp;nous d\u00e9veloppons des&nbsp;luttes&nbsp;dans&nbsp;les lieux&nbsp;d\u02bc\u00e9tudes y compris sur&nbsp;les&nbsp;questions&nbsp;\u00e9cologiques,&nbsp;f\u00e9ministes,&nbsp;anti imp\u00e9rialistes&nbsp;ou&nbsp;antiracistes.<\/p>\n\n\n\n<p class=\"has-text-align-left\"><strong>\u00c9tudiant\u00ad-e\u00ad-s<\/strong> au pluriel, car l\u02bc\u00e9tudiant n\u02bcest\u00a0 pas\u00a0 un\u00a0 concept\u00a0 universel. Les\u00a0 \u00e9tudiant\u00ad-e\u00ad-s sont divers-e-s\u00a0 dans\u00a0 leurs genres,\u00a0 dans\u00a0 leurs\u00a0 conditions\u00a0 sociales,\u00a0 dans\u00a0 leurs\u00a0 choix\u00a0 d\u02bc\u00e9tudes,\u00a0 dans\u00a0 leurs\u00a0 \u00e2ges.\u00a0 Cette f\u00e9d\u00e9ration se donne pour\u00a0objectif\u00a0de\u00a0rassembler\u00a0tou\u00adte\u00ads\u00a0les\u00a0\u00e9tudiant\u00ad-e\u00ad-s\u00a0qu\u02bcils\u00ad\/elles \u00e9tudient en BTS, BUT, licence, Master, Doctorat ou formations sp\u00e9cifiques (soins infirmiers, travail social, etc.). \u00ab\u00a0Solidaires \u00e9tudiant\u00ade\u00ads, syndicats\u00a0de\u00a0Luttes\u00a0\u00bb\u00a0 travaille \u00e0 devenir\u00a0le\u00a0lieu\u00a0de\u00a0rassemblement\u00a0de\u00a0tou\u00adt-e\u00ad-s\u00a0les \u00e9tudiant-e-s, que nous consid\u00e9rons comme travailleur-euse-s en p\u00e9riode de formation.<\/p>\n\n\n\n<p class=\"has-text-align-left\"><strong>Solidaires<\/strong>&nbsp;car&nbsp;nous&nbsp;sommes&nbsp;membres&nbsp;de&nbsp;l\u02bcUnion&nbsp;Syndicale&nbsp;Solidaires&nbsp;:&nbsp;nous&nbsp;avons fait le&nbsp;choix&nbsp;d\u02bcun travail  interprofessionnel&nbsp;qui&nbsp;traduit&nbsp;\u00e0&nbsp;la&nbsp;fois&nbsp;notre&nbsp;volont\u00e9&nbsp;d\u02bc\u00eatre&nbsp;au&nbsp;c\u00f4t\u00e9&nbsp;des&nbsp;salari\u00e9\u00ad-e\u00ad-s&nbsp;dans&nbsp;leurs combats, et la n\u00e9cessit\u00e9&nbsp;de&nbsp;faire&nbsp;entendre&nbsp;notre&nbsp;combat&nbsp;d\u02bc\u00e9tudiant\u00ad-e\u00ads&nbsp;aux&nbsp;salari\u00e9\u00ad-e\u00ad-s.<\/p>\n\n\n\n<div class=\"wp-block-columns is-layout-flex wp-container-core-columns-is-layout-9d6595d7 wp-block-columns-is-layout-flex\">\n<div class=\"wp-block-column is-vertically-aligned-center is-layout-flow wp-block-column-is-layout-flow\" style=\"flex-basis:100%\">\n<div class=\"wp-block-group is-nowrap is-layout-flex wp-container-core-group-is-layout-ad2f72ca wp-block-group-is-layout-flex\">\n<div class=\"wp-block-buttons is-content-justification-space-between is-layout-flex wp-container-core-buttons-is-layout-3d213aab wp-block-buttons-is-layout-flex\">\n<div class=\"wp-block-button\"><a class=\"wp-block-button__link wp-element-button\" href=\"https:\/\/solidaires-etudiant-e-s.org\/site\/syndicats\/\">Nous rejoindre en se syndiquant<\/a><\/div>\n<\/div>\n\n\n\n<div class=\"wp-block-buttons is-layout-flex wp-block-buttons-is-layout-flex\">\n<div class=\"wp-block-button\"><a class=\"wp-block-button__link wp-element-button\" href=\"https:\/\/solidaires-etudiant-e-s.org\/site\/2014\/02\/04\/charte-de-solidaires-etudiant-e-s-syndicat-de-luttes\/\">Charte de Solidaires \u00e9tudiant-e-s <\/a><\/div>\n<\/div>\n<\/div>\n<\/div>\n<\/div>\n\n\n\n<p><\/p>\n","protected":false},"excerpt":{"rendered":"<p>Solidaires \u00e9tudiant-e-s est une f\u00e9d\u00e9ration des syndicats \u00e9tudiants de luttes Nous d\u00e9fendons [&hellip;]<\/p>\n","protected":false},"author":1,"featured_media":7292,"parent":0,"menu_order":0,"comment_status":"closed","ping_status":"closed","template":"","meta":{"cybocfi_hide_featured_image":"","footnotes":""},"class_list":{"0":"post-21","1":"page","2":"type-page","3":"status-publish","4":"has-post-thumbnail","6":"col-md-4 col-sm-4"},"featured_image_src":"https:\/\/solidaires-etudiant-e-s.org\/site\/wp-content\/uploads\/2024\/12\/Syndicalisation-1-e1696161500621-900x1217-1.png","yoast_head":"<!-- This site is optimized with the Yoast SEO plugin v27.3 - https:\/\/yoast.com\/product\/yoast-seo-wordpress\/ -->\n<title>QUI SOMMES NOUS ? - Solidaires \u00e9tudiant-e-s<\/title>\n<meta name=\"description\" content=\"Solidaires \u00e9tudiant-e-s, syndicats de luttes est une f\u00e9d\u00e9ration des syndicats \u00e9tudiants de luttes.\" \/>\n<meta name=\"robots\" content=\"index, follow, max-snippet:-1, max-image-preview:large, max-video-preview:-1\" \/>\n<link rel=\"canonical\" href=\"https:\/\/solidaires-etudiant-e-s.org\/site\/qui-sommes-nous\/\" \/>\n<meta property=\"og:locale\" content=\"fr_FR\" \/>\n<meta property=\"og:type\" content=\"article\" \/>\n<meta property=\"og:title\" content=\"QUI SOMMES NOUS ? - Solidaires \u00e9tudiant-e-s\" \/>\n<meta property=\"og:description\" content=\"Solidaires \u00e9tudiant-e-s, syndicats de luttes est une f\u00e9d\u00e9ration des syndicats \u00e9tudiants de luttes.\" \/>\n<meta property=\"og:url\" content=\"https:\/\/solidaires-etudiant-e-s.org\/site\/qui-sommes-nous\/\" \/>\n<meta property=\"og:site_name\" content=\"Solidaires \u00e9tudiant-e-s\" \/>\n<meta property=\"article:publisher\" content=\"https:\/\/www.facebook.com\/solidairesetudiantes\" \/>\n<meta property=\"article:modified_time\" content=\"2026-03-12T20:55:24+00:00\" \/>\n<meta property=\"og:image\" content=\"https:\/\/solidaires-etudiant-e-s.org\/site\/wp-content\/uploads\/2024\/12\/Syndicalisation-1-e1696161500621-900x1217-1.png\" \/>\n\t<meta property=\"og:image:width\" content=\"900\" \/>\n\t<meta property=\"og:image:height\" content=\"408\" \/>\n\t<meta property=\"og:image:type\" content=\"image\/png\" \/>\n<meta name=\"twitter:card\" content=\"summary_large_image\" \/>\n<meta name=\"twitter:site\" content=\"@SolidairesEtu\" \/>\n<meta name=\"twitter:label1\" content=\"Dur\u00e9e de lecture estim\u00e9e\" \/>\n\t<meta name=\"twitter:data1\" content=\"3 minutes\" \/>\n<script type=\"application\/ld+json\" class=\"yoast-schema-graph\">{\"@context\":\"https:\\\/\\\/schema.org\",\"@graph\":[{\"@type\":\"WebPage\",\"@id\":\"https:\\\/\\\/solidaires-etudiant-e-s.org\\\/site\\\/qui-sommes-nous\\\/\",\"url\":\"https:\\\/\\\/solidaires-etudiant-e-s.org\\\/site\\\/qui-sommes-nous\\\/\",\"name\":\"QUI SOMMES NOUS ? - Solidaires \u00e9tudiant-e-s\",\"isPartOf\":{\"@id\":\"https:\\\/\\\/solidaires-etudiant-e-s.org\\\/site\\\/#website\"},\"primaryImageOfPage\":{\"@id\":\"https:\\\/\\\/solidaires-etudiant-e-s.org\\\/site\\\/qui-sommes-nous\\\/#primaryimage\"},\"image\":{\"@id\":\"https:\\\/\\\/solidaires-etudiant-e-s.org\\\/site\\\/qui-sommes-nous\\\/#primaryimage\"},\"thumbnailUrl\":\"https:\\\/\\\/solidaires-etudiant-e-s.org\\\/site\\\/wp-content\\\/uploads\\\/2024\\\/12\\\/Syndicalisation-1-e1696161500621-900x1217-1.png\",\"datePublished\":\"2018-02-03T15:29:00+00:00\",\"dateModified\":\"2026-03-12T20:55:24+00:00\",\"description\":\"Solidaires \u00e9tudiant-e-s, syndicats de luttes est une f\u00e9d\u00e9ration des syndicats \u00e9tudiants de luttes.\",\"breadcrumb\":{\"@id\":\"https:\\\/\\\/solidaires-etudiant-e-s.org\\\/site\\\/qui-sommes-nous\\\/#breadcrumb\"},\"inLanguage\":\"fr-FR\",\"potentialAction\":[{\"@type\":\"ReadAction\",\"target\":[\"https:\\\/\\\/solidaires-etudiant-e-s.org\\\/site\\\/qui-sommes-nous\\\/\"]}]},{\"@type\":\"ImageObject\",\"inLanguage\":\"fr-FR\",\"@id\":\"https:\\\/\\\/solidaires-etudiant-e-s.org\\\/site\\\/qui-sommes-nous\\\/#primaryimage\",\"url\":\"https:\\\/\\\/solidaires-etudiant-e-s.org\\\/site\\\/wp-content\\\/uploads\\\/2024\\\/12\\\/Syndicalisation-1-e1696161500621-900x1217-1.png\",\"contentUrl\":\"https:\\\/\\\/solidaires-etudiant-e-s.org\\\/site\\\/wp-content\\\/uploads\\\/2024\\\/12\\\/Syndicalisation-1-e1696161500621-900x1217-1.png\",\"width\":900,\"height\":408},{\"@type\":\"BreadcrumbList\",\"@id\":\"https:\\\/\\\/solidaires-etudiant-e-s.org\\\/site\\\/qui-sommes-nous\\\/#breadcrumb\",\"itemListElement\":[{\"@type\":\"ListItem\",\"position\":1,\"name\":\"Accueil\",\"item\":\"https:\\\/\\\/solidaires-etudiant-e-s.org\\\/site\\\/\"},{\"@type\":\"ListItem\",\"position\":2,\"name\":\"QUI SOMMES NOUS ?\"}]},{\"@type\":\"WebSite\",\"@id\":\"https:\\\/\\\/solidaires-etudiant-e-s.org\\\/site\\\/#website\",\"url\":\"https:\\\/\\\/solidaires-etudiant-e-s.org\\\/site\\\/\",\"name\":\"Solidaires \u00e9tudiant-e-s\",\"description\":\"Syndicats pour un enseignement sup\u00e9rieur gratuit, ouvert, et \u00e9mancipateur !\",\"publisher\":{\"@id\":\"https:\\\/\\\/solidaires-etudiant-e-s.org\\\/site\\\/#organization\"},\"potentialAction\":[{\"@type\":\"SearchAction\",\"target\":{\"@type\":\"EntryPoint\",\"urlTemplate\":\"https:\\\/\\\/solidaires-etudiant-e-s.org\\\/site\\\/?s={search_term_string}\"},\"query-input\":{\"@type\":\"PropertyValueSpecification\",\"valueRequired\":true,\"valueName\":\"search_term_string\"}}],\"inLanguage\":\"fr-FR\"},{\"@type\":\"Organization\",\"@id\":\"https:\\\/\\\/solidaires-etudiant-e-s.org\\\/site\\\/#organization\",\"name\":\"Solidaires \u00e9tudiant-e-s\",\"url\":\"https:\\\/\\\/solidaires-etudiant-e-s.org\\\/site\\\/\",\"logo\":{\"@type\":\"ImageObject\",\"inLanguage\":\"fr-FR\",\"@id\":\"https:\\\/\\\/solidaires-etudiant-e-s.org\\\/site\\\/#\\\/schema\\\/logo\\\/image\\\/\",\"url\":\"https:\\\/\\\/solidaires-etudiant-e-s.org\\\/site\\\/wp-content\\\/uploads\\\/2025\\\/12\\\/13-1.png\",\"contentUrl\":\"https:\\\/\\\/solidaires-etudiant-e-s.org\\\/site\\\/wp-content\\\/uploads\\\/2025\\\/12\\\/13-1.png\",\"width\":1181,\"height\":827,\"caption\":\"Solidaires \u00e9tudiant-e-s\"},\"image\":{\"@id\":\"https:\\\/\\\/solidaires-etudiant-e-s.org\\\/site\\\/#\\\/schema\\\/logo\\\/image\\\/\"},\"sameAs\":[\"https:\\\/\\\/www.facebook.com\\\/solidairesetudiantes\",\"https:\\\/\\\/x.com\\\/SolidairesEtu\",\"https:\\\/\\\/www.instagram.com\\\/solidairesetu\\\/\",\"https:\\\/\\\/bsky.app\\\/profile\\\/solidaires-etudiant-e-s.org\",\"https:\\\/\\\/mastodon.social\\\/@solidairesetu\",\"https:\\\/\\\/www.youtube.com\\\/channel\\\/UC_iZN9gmVAAnXbBM7wAWOag\"]}]}<\/script>\n<!-- \/ Yoast SEO plugin. -->","yoast_head_json":{"title":"QUI SOMMES NOUS ? - Solidaires \u00e9tudiant-e-s","description":"Solidaires \u00e9tudiant-e-s, syndicats de luttes est une f\u00e9d\u00e9ration des syndicats \u00e9tudiants de luttes.","robots":{"index":"index","follow":"follow","max-snippet":"max-snippet:-1","max-image-preview":"max-image-preview:large","max-video-preview":"max-video-preview:-1"},"canonical":"https:\/\/solidaires-etudiant-e-s.org\/site\/qui-sommes-nous\/","og_locale":"fr_FR","og_type":"article","og_title":"QUI SOMMES NOUS ? - Solidaires \u00e9tudiant-e-s","og_description":"Solidaires \u00e9tudiant-e-s, syndicats de luttes est une f\u00e9d\u00e9ration des syndicats \u00e9tudiants de luttes.","og_url":"https:\/\/solidaires-etudiant-e-s.org\/site\/qui-sommes-nous\/","og_site_name":"Solidaires \u00e9tudiant-e-s","article_publisher":"https:\/\/www.facebook.com\/solidairesetudiantes","article_modified_time":"2026-03-12T20:55:24+00:00","og_image":[{"width":900,"height":408,"url":"https:\/\/solidaires-etudiant-e-s.org\/site\/wp-content\/uploads\/2024\/12\/Syndicalisation-1-e1696161500621-900x1217-1.png","type":"image\/png"}],"twitter_card":"summary_large_image","twitter_site":"@SolidairesEtu","twitter_misc":{"Dur\u00e9e de lecture estim\u00e9e":"3 minutes"},"schema":{"@context":"https:\/\/schema.org","@graph":[{"@type":"WebPage","@id":"https:\/\/solidaires-etudiant-e-s.org\/site\/qui-sommes-nous\/","url":"https:\/\/solidaires-etudiant-e-s.org\/site\/qui-sommes-nous\/","name":"QUI SOMMES NOUS ? - Solidaires \u00e9tudiant-e-s","isPartOf":{"@id":"https:\/\/solidaires-etudiant-e-s.org\/site\/#website"},"primaryImageOfPage":{"@id":"https:\/\/solidaires-etudiant-e-s.org\/site\/qui-sommes-nous\/#primaryimage"},"image":{"@id":"https:\/\/solidaires-etudiant-e-s.org\/site\/qui-sommes-nous\/#primaryimage"},"thumbnailUrl":"https:\/\/solidaires-etudiant-e-s.org\/site\/wp-content\/uploads\/2024\/12\/Syndicalisation-1-e1696161500621-900x1217-1.png","datePublished":"2018-02-03T15:29:00+00:00","dateModified":"2026-03-12T20:55:24+00:00","description":"Solidaires \u00e9tudiant-e-s, syndicats de luttes est une f\u00e9d\u00e9ration des syndicats \u00e9tudiants de luttes.","breadcrumb":{"@id":"https:\/\/solidaires-etudiant-e-s.org\/site\/qui-sommes-nous\/#breadcrumb"},"inLanguage":"fr-FR","potentialAction":[{"@type":"ReadAction","target":["https:\/\/solidaires-etudiant-e-s.org\/site\/qui-sommes-nous\/"]}]},{"@type":"ImageObject","inLanguage":"fr-FR","@id":"https:\/\/solidaires-etudiant-e-s.org\/site\/qui-sommes-nous\/#primaryimage","url":"https:\/\/solidaires-etudiant-e-s.org\/site\/wp-content\/uploads\/2024\/12\/Syndicalisation-1-e1696161500621-900x1217-1.png","contentUrl":"https:\/\/solidaires-etudiant-e-s.org\/site\/wp-content\/uploads\/2024\/12\/Syndicalisation-1-e1696161500621-900x1217-1.png","width":900,"height":408},{"@type":"BreadcrumbList","@id":"https:\/\/solidaires-etudiant-e-s.org\/site\/qui-sommes-nous\/#breadcrumb","itemListElement":[{"@type":"ListItem","position":1,"name":"Accueil","item":"https:\/\/solidaires-etudiant-e-s.org\/site\/"},{"@type":"ListItem","position":2,"name":"QUI SOMMES NOUS ?"}]},{"@type":"WebSite","@id":"https:\/\/solidaires-etudiant-e-s.org\/site\/#website","url":"https:\/\/solidaires-etudiant-e-s.org\/site\/","name":"Solidaires \u00e9tudiant-e-s","description":"Syndicats pour un enseignement sup\u00e9rieur gratuit, ouvert, et \u00e9mancipateur !","publisher":{"@id":"https:\/\/solidaires-etudiant-e-s.org\/site\/#organization"},"potentialAction":[{"@type":"SearchAction","target":{"@type":"EntryPoint","urlTemplate":"https:\/\/solidaires-etudiant-e-s.org\/site\/?s={search_term_string}"},"query-input":{"@type":"PropertyValueSpecification","valueRequired":true,"valueName":"search_term_string"}}],"inLanguage":"fr-FR"},{"@type":"Organization","@id":"https:\/\/solidaires-etudiant-e-s.org\/site\/#organization","name":"Solidaires \u00e9tudiant-e-s","url":"https:\/\/solidaires-etudiant-e-s.org\/site\/","logo":{"@type":"ImageObject","inLanguage":"fr-FR","@id":"https:\/\/solidaires-etudiant-e-s.org\/site\/#\/schema\/logo\/image\/","url":"https:\/\/solidaires-etudiant-e-s.org\/site\/wp-content\/uploads\/2025\/12\/13-1.png","contentUrl":"https:\/\/solidaires-etudiant-e-s.org\/site\/wp-content\/uploads\/2025\/12\/13-1.png","width":1181,"height":827,"caption":"Solidaires \u00e9tudiant-e-s"},"image":{"@id":"https:\/\/solidaires-etudiant-e-s.org\/site\/#\/schema\/logo\/image\/"},"sameAs":["https:\/\/www.facebook.com\/solidairesetudiantes","https:\/\/x.com\/SolidairesEtu","https:\/\/www.instagram.com\/solidairesetu\/","https:\/\/bsky.app\/profile\/solidaires-etudiant-e-s.org","https:\/\/mastodon.social\/@solidairesetu","https:\/\/www.youtube.com\/channel\/UC_iZN9gmVAAnXbBM7wAWOag"]}]}},"_links":{"self":[{"href":"https:\/\/solidaires-etudiant-e-s.org\/site\/wp-json\/wp\/v2\/pages\/21","targetHints":{"allow":["GET"]}}],"collection":[{"href":"https:\/\/solidaires-etudiant-e-s.org\/site\/wp-json\/wp\/v2\/pages"}],"about":[{"href":"https:\/\/solidaires-etudiant-e-s.org\/site\/wp-json\/wp\/v2\/types\/page"}],"author":[{"embeddable":true,"href":"https:\/\/solidaires-etudiant-e-s.org\/site\/wp-json\/wp\/v2\/users\/1"}],"replies":[{"embeddable":true,"href":"https:\/\/solidaires-etudiant-e-s.org\/site\/wp-json\/wp\/v2\/comments?post=21"}],"version-history":[{"count":11,"href":"https:\/\/solidaires-etudiant-e-s.org\/site\/wp-json\/wp\/v2\/pages\/21\/revisions"}],"predecessor-version":[{"id":8134,"href":"https:\/\/solidaires-etudiant-e-s.org\/site\/wp-json\/wp\/v2\/pages\/21\/revisions\/8134"}],"wp:featuredmedia":[{"embeddable":true,"href":"https:\/\/solidaires-etudiant-e-s.org\/site\/wp-json\/wp\/v2\/media\/7292"}],"wp:attachment":[{"href":"https:\/\/solidaires-etudiant-e-s.org\/site\/wp-json\/wp\/v2\/media?parent=21"}],"curies":[{"name":"wp","href":"https:\/\/api.w.org\/{rel}","templated":true}]}}