{"id":2,"date":"2021-03-27T15:09:34","date_gmt":"2021-03-27T15:09:34","guid":{"rendered":"https:\/\/solidaires-etudiant.org\/site\/?page_id=2"},"modified":"2025-10-07T22:22:07","modified_gmt":"2025-10-07T21:22:07","slug":"connaitre-ses-droits","status":"publish","type":"page","link":"https:\/\/solidaires-etudiant-e-s.org\/site\/connaitre-ses-droits\/","title":{"rendered":"Conna\u00eetre ses droits"},"content":{"rendered":"\n<h2 class=\"wp-block-heading\">Guide de l&rsquo;\u00e9tudiant-e<\/h2>\n\n\n\n<div class=\"wp-block-group\"><div class=\"wp-block-group__inner-container is-layout-constrained wp-block-group-is-layout-constrained\">\n<figure class=\"wp-block-image size-large is-resized\"><img loading=\"lazy\" decoding=\"async\" width=\"1024\" height=\"1024\" src=\"https:\/\/solidaires-etudiant-e-s.org\/site\/wp-content\/uploads\/2023\/10\/Guide-de-letudiant-e-1-e1735390603479-1024x1024.webp\" alt=\"\" class=\"wp-image-7018\" style=\"width:340px\" srcset=\"https:\/\/solidaires-etudiant-e-s.org\/site\/wp-content\/uploads\/2023\/10\/Guide-de-letudiant-e-1-e1735390603479-1024x1024.webp 1024w, https:\/\/solidaires-etudiant-e-s.org\/site\/wp-content\/uploads\/2023\/10\/Guide-de-letudiant-e-1-e1735390603479-300x300.webp 300w, https:\/\/solidaires-etudiant-e-s.org\/site\/wp-content\/uploads\/2023\/10\/Guide-de-letudiant-e-1-e1735390603479-150x150.webp 150w, https:\/\/solidaires-etudiant-e-s.org\/site\/wp-content\/uploads\/2023\/10\/Guide-de-letudiant-e-1-e1735390603479-768x768.webp 768w, https:\/\/solidaires-etudiant-e-s.org\/site\/wp-content\/uploads\/2023\/10\/Guide-de-letudiant-e-1-e1735390603479-900x900.webp 900w, https:\/\/solidaires-etudiant-e-s.org\/site\/wp-content\/uploads\/2023\/10\/Guide-de-letudiant-e-1-e1735390603479-500x500.webp 500w, https:\/\/solidaires-etudiant-e-s.org\/site\/wp-content\/uploads\/2023\/10\/Guide-de-letudiant-e-1-e1735390603479.webp 1410w\" sizes=\"auto, (max-width: 1024px) 100vw, 1024px\" \/><\/figure>\n\n\n\n<p class=\"wp-container-content-e29552f7\">Tous les ans, Solidaires \u00e9tudiant-e-s publie un <strong>Guide de l&rsquo;\u00e9tudiant-e<\/strong> qui explique les droits des \u00e9tudiant-e-s, l&rsquo;organisation des principaux services d&rsquo;aides, etc. Publication de la version 2024-2025 prochainement ! En attendant, tu peux retrouver le <strong><a href=\"https:\/\/solidaires-etudiant-e-s.org\/site\/connaitre-ses-droits\/guide2023\/\">Guide de l&rsquo;\u00e9tudiant-e 2023-2024<\/a><\/strong>.<\/p>\n<\/div><\/div>\n\n\n\n<h2 class=\"wp-block-heading\">Nos autres guides<\/h2>\n\n\n\n<div class=\"wp-block-group is-layout-grid wp-container-core-group-is-layout-6be84c55 wp-block-group-is-layout-grid\">\n<figure class=\"wp-block-image size-large\"><img loading=\"lazy\" decoding=\"async\" width=\"1024\" height=\"1024\" src=\"https:\/\/solidaires-etudiant-e-s.org\/site\/wp-content\/uploads\/2024\/12\/Page-de-couverture-guide-etu-en-apprentissage-1024x1024.png\" alt=\"\" class=\"wp-image-7390\" srcset=\"https:\/\/solidaires-etudiant-e-s.org\/site\/wp-content\/uploads\/2024\/12\/Page-de-couverture-guide-etu-en-apprentissage-1024x1024.png 1024w, https:\/\/solidaires-etudiant-e-s.org\/site\/wp-content\/uploads\/2024\/12\/Page-de-couverture-guide-etu-en-apprentissage-300x300.png 300w, https:\/\/solidaires-etudiant-e-s.org\/site\/wp-content\/uploads\/2024\/12\/Page-de-couverture-guide-etu-en-apprentissage-150x150.png 150w, https:\/\/solidaires-etudiant-e-s.org\/site\/wp-content\/uploads\/2024\/12\/Page-de-couverture-guide-etu-en-apprentissage-768x768.png 768w, https:\/\/solidaires-etudiant-e-s.org\/site\/wp-content\/uploads\/2024\/12\/Page-de-couverture-guide-etu-en-apprentissage-900x900.png 900w, https:\/\/solidaires-etudiant-e-s.org\/site\/wp-content\/uploads\/2024\/12\/Page-de-couverture-guide-etu-en-apprentissage-500x500.png 500w, https:\/\/solidaires-etudiant-e-s.org\/site\/wp-content\/uploads\/2024\/12\/Page-de-couverture-guide-etu-en-apprentissage.png 1410w\" sizes=\"auto, (max-width: 1024px) 100vw, 1024px\" \/><\/figure>\n\n\n\n<figure class=\"wp-block-image size-large\"><img loading=\"lazy\" decoding=\"async\" width=\"1024\" height=\"1024\" src=\"https:\/\/solidaires-etudiant-e-s.org\/site\/wp-content\/uploads\/2023\/05\/GUIDE-DES-DROITS-DES-STAGIAIRES-scaled-e1735391004373-1024x1024.webp\" alt=\"\" class=\"wp-image-6934\" srcset=\"https:\/\/solidaires-etudiant-e-s.org\/site\/wp-content\/uploads\/2023\/05\/GUIDE-DES-DROITS-DES-STAGIAIRES-scaled-e1735391004373-1024x1024.webp 1024w, https:\/\/solidaires-etudiant-e-s.org\/site\/wp-content\/uploads\/2023\/05\/GUIDE-DES-DROITS-DES-STAGIAIRES-scaled-e1735391004373-300x300.webp 300w, https:\/\/solidaires-etudiant-e-s.org\/site\/wp-content\/uploads\/2023\/05\/GUIDE-DES-DROITS-DES-STAGIAIRES-scaled-e1735391004373-150x150.webp 150w, https:\/\/solidaires-etudiant-e-s.org\/site\/wp-content\/uploads\/2023\/05\/GUIDE-DES-DROITS-DES-STAGIAIRES-scaled-e1735391004373-768x768.webp 768w, https:\/\/solidaires-etudiant-e-s.org\/site\/wp-content\/uploads\/2023\/05\/GUIDE-DES-DROITS-DES-STAGIAIRES-scaled-e1735391004373-1536x1536.webp 1536w, https:\/\/solidaires-etudiant-e-s.org\/site\/wp-content\/uploads\/2023\/05\/GUIDE-DES-DROITS-DES-STAGIAIRES-scaled-e1735391004373-900x900.webp 900w, https:\/\/solidaires-etudiant-e-s.org\/site\/wp-content\/uploads\/2023\/05\/GUIDE-DES-DROITS-DES-STAGIAIRES-scaled-e1735391004373-500x500.webp 500w, https:\/\/solidaires-etudiant-e-s.org\/site\/wp-content\/uploads\/2023\/05\/GUIDE-DES-DROITS-DES-STAGIAIRES-scaled-e1735391004373.webp 1804w\" sizes=\"auto, (max-width: 1024px) 100vw, 1024px\" \/><\/figure>\n\n\n\n<figure class=\"wp-block-image size-full\"><img loading=\"lazy\" decoding=\"async\" width=\"750\" height=\"750\" src=\"https:\/\/solidaires-etudiant-e-s.org\/site\/wp-content\/uploads\/2024\/12\/guide-droits-saison-2.png\" alt=\"\" class=\"wp-image-7443\" srcset=\"https:\/\/solidaires-etudiant-e-s.org\/site\/wp-content\/uploads\/2024\/12\/guide-droits-saison-2.png 750w, https:\/\/solidaires-etudiant-e-s.org\/site\/wp-content\/uploads\/2024\/12\/guide-droits-saison-2-300x300.png 300w, https:\/\/solidaires-etudiant-e-s.org\/site\/wp-content\/uploads\/2024\/12\/guide-droits-saison-2-150x150.png 150w, https:\/\/solidaires-etudiant-e-s.org\/site\/wp-content\/uploads\/2024\/12\/guide-droits-saison-2-500x500.png 500w\" sizes=\"auto, (max-width: 750px) 100vw, 750px\" \/><\/figure>\n\n\n\n<p class=\"has-text-align-center wp-container-content-2155ee95\"><strong><a href=\"https:\/\/solidaires-etudiant-e-s.org\/site\/guide-de-letudiant-e-en-apprentissage\/\">Guide de l&rsquo;\u00e9tudiant-e en apprentissage<\/a><\/strong><\/p>\n\n\n\n<p class=\"has-text-align-center\"><strong><a href=\"https:\/\/solidaires-etudiant-e-s.org\/site\/guide-des-droits-des-stagiaires\/\">Guide des droits des stagiaires<\/a><\/strong><\/p>\n\n\n\n<p class=\"has-text-align-center\"><strong><a href=\"https:\/\/solidaires-etudiant-e-s.org\/site\/guide-des-droits-des-travailleur-euses-saisonnier-eres\/\">Guide des droits des travailleur-euses saisonnier-\u00e8res<\/a><\/strong><\/p>\n\n\n\n<figure class=\"wp-block-image size-full\"><img loading=\"lazy\" decoding=\"async\" width=\"698\" height=\"698\" src=\"https:\/\/solidaires-etudiant-e-s.org\/site\/wp-content\/uploads\/2025\/08\/logo-guide-etu-infi.png\" alt=\"\" class=\"wp-image-7844\" srcset=\"https:\/\/solidaires-etudiant-e-s.org\/site\/wp-content\/uploads\/2025\/08\/logo-guide-etu-infi.png 698w, https:\/\/solidaires-etudiant-e-s.org\/site\/wp-content\/uploads\/2025\/08\/logo-guide-etu-infi-300x300.png 300w, https:\/\/solidaires-etudiant-e-s.org\/site\/wp-content\/uploads\/2025\/08\/logo-guide-etu-infi-150x150.png 150w, https:\/\/solidaires-etudiant-e-s.org\/site\/wp-content\/uploads\/2025\/08\/logo-guide-etu-infi-500x500.png 500w\" sizes=\"auto, (max-width: 698px) 100vw, 698px\" \/><\/figure>\n\n\n\n\n\n\n\n<p class=\"has-text-align-center\"><strong><a href=\"https:\/\/solidaires-etudiant-e-s.org\/site\/guide-de-letudiant-e-infirmier-e\/\">Guide de l&rsquo;\u00e9tudiant-e infirmi\u00e8re<\/a><\/strong><\/p>\n<\/div>\n\n\n\n<p class=\"wp-container-content-69bc4bdf\"><\/p>\n\n\n\n<hr class=\"wp-block-separator has-alpha-channel-opacity\"\/>\n\n\n\n<p>Vous pouvez \u00e9galement consulter les autres brochures produites par la f\u00e9d\u00e9ration <a href=\"https:\/\/solidaires-etudiant-e-s.org\/site\/category\/brochures\/\">en cliquant sur ce lien. <\/a><\/p>\n\n\n\n<p>Si vous avez besoin de conseils ou d&rsquo;un accompagnement syndical, n&rsquo;h\u00e9sitez pas \u00e0 <a href=\"https:\/\/solidaires-etudiant-e-s.org\/site\/nous-contacter\/\" target=\"_blank\" rel=\"noreferrer noopener\">nous contacter<\/a> !<\/p>\n\n\n\n<p><\/p>\n","protected":false},"excerpt":{"rendered":"<p>Guide de l&rsquo;\u00e9tudiant-e Tous les ans, Solidaires \u00e9tudiant-e-s publie un Guide de [&hellip;]<\/p>\n","protected":false},"author":1,"featured_media":0,"parent":0,"menu_order":0,"comment_status":"closed","ping_status":"open","template":"","meta":{"cybocfi_hide_featured_image":"","footnotes":""},"class_list":{"0":"post-2","1":"page","2":"type-page","3":"status-publish","5":"col-md-4 col-sm-4"},"featured_image_src":null,"yoast_head":"<!-- This site is optimized with the Yoast SEO plugin v27.4 - https:\/\/yoast.com\/product\/yoast-seo-wordpress\/ -->\n<title>Conna\u00eetre ses droits - Solidaires \u00e9tudiant-e-s<\/title>\n<meta name=\"robots\" content=\"index, follow, max-snippet:-1, max-image-preview:large, max-video-preview:-1\" \/>\n<link rel=\"canonical\" href=\"https:\/\/solidaires-etudiant-e-s.org\/site\/connaitre-ses-droits\/\" \/>\n<meta property=\"og:locale\" content=\"fr_FR\" \/>\n<meta property=\"og:type\" content=\"article\" \/>\n<meta property=\"og:title\" content=\"Conna\u00eetre ses droits - Solidaires \u00e9tudiant-e-s\" \/>\n<meta property=\"og:description\" content=\"Guide de l&rsquo;\u00e9tudiant-e Tous les ans, Solidaires \u00e9tudiant-e-s publie un Guide de [&hellip;]\" \/>\n<meta property=\"og:url\" content=\"https:\/\/solidaires-etudiant-e-s.org\/site\/connaitre-ses-droits\/\" \/>\n<meta property=\"og:site_name\" content=\"Solidaires \u00e9tudiant-e-s\" \/>\n<meta property=\"article:publisher\" content=\"https:\/\/www.facebook.com\/solidairesetudiantes\" \/>\n<meta property=\"article:modified_time\" content=\"2025-10-07T21:22:07+00:00\" \/>\n<meta property=\"og:image\" content=\"https:\/\/solidaires-etudiant-e-s.org\/site\/wp-content\/uploads\/2023\/10\/Guide-de-letudiant-e-1-e1735390603479.webp\" \/>\n\t<meta property=\"og:image:width\" content=\"1410\" \/>\n\t<meta property=\"og:image:height\" content=\"1410\" \/>\n\t<meta property=\"og:image:type\" content=\"image\/webp\" \/>\n<meta name=\"twitter:card\" content=\"summary_large_image\" \/>\n<meta name=\"twitter:site\" content=\"@SolidairesEtu\" \/>\n<meta name=\"twitter:label1\" content=\"Dur\u00e9e de lecture estim\u00e9e\" \/>\n\t<meta name=\"twitter:data1\" content=\"2 minutes\" \/>\n<script type=\"application\/ld+json\" class=\"yoast-schema-graph\">{\"@context\":\"https:\\\/\\\/schema.org\",\"@graph\":[{\"@type\":\"WebPage\",\"@id\":\"https:\\\/\\\/solidaires-etudiant-e-s.org\\\/site\\\/connaitre-ses-droits\\\/\",\"url\":\"https:\\\/\\\/solidaires-etudiant-e-s.org\\\/site\\\/connaitre-ses-droits\\\/\",\"name\":\"Conna\u00eetre ses droits - Solidaires \u00e9tudiant-e-s\",\"isPartOf\":{\"@id\":\"https:\\\/\\\/solidaires-etudiant-e-s.org\\\/site\\\/#website\"},\"primaryImageOfPage\":{\"@id\":\"https:\\\/\\\/solidaires-etudiant-e-s.org\\\/site\\\/connaitre-ses-droits\\\/#primaryimage\"},\"image\":{\"@id\":\"https:\\\/\\\/solidaires-etudiant-e-s.org\\\/site\\\/connaitre-ses-droits\\\/#primaryimage\"},\"thumbnailUrl\":\"https:\\\/\\\/solidaires-etudiant-e-s.org\\\/site\\\/wp-content\\\/uploads\\\/2023\\\/10\\\/Guide-de-letudiant-e-1-e1735390603479-1024x1024.webp\",\"datePublished\":\"2021-03-27T15:09:34+00:00\",\"dateModified\":\"2025-10-07T21:22:07+00:00\",\"breadcrumb\":{\"@id\":\"https:\\\/\\\/solidaires-etudiant-e-s.org\\\/site\\\/connaitre-ses-droits\\\/#breadcrumb\"},\"inLanguage\":\"fr-FR\",\"potentialAction\":[{\"@type\":\"ReadAction\",\"target\":[\"https:\\\/\\\/solidaires-etudiant-e-s.org\\\/site\\\/connaitre-ses-droits\\\/\"]}]},{\"@type\":\"ImageObject\",\"inLanguage\":\"fr-FR\",\"@id\":\"https:\\\/\\\/solidaires-etudiant-e-s.org\\\/site\\\/connaitre-ses-droits\\\/#primaryimage\",\"url\":\"https:\\\/\\\/solidaires-etudiant-e-s.org\\\/site\\\/wp-content\\\/uploads\\\/2023\\\/10\\\/Guide-de-letudiant-e-1-e1735390603479.webp\",\"contentUrl\":\"https:\\\/\\\/solidaires-etudiant-e-s.org\\\/site\\\/wp-content\\\/uploads\\\/2023\\\/10\\\/Guide-de-letudiant-e-1-e1735390603479.webp\",\"width\":1410,\"height\":1410},{\"@type\":\"BreadcrumbList\",\"@id\":\"https:\\\/\\\/solidaires-etudiant-e-s.org\\\/site\\\/connaitre-ses-droits\\\/#breadcrumb\",\"itemListElement\":[{\"@type\":\"ListItem\",\"position\":1,\"name\":\"Accueil\",\"item\":\"https:\\\/\\\/solidaires-etudiant-e-s.org\\\/site\\\/\"},{\"@type\":\"ListItem\",\"position\":2,\"name\":\"Conna\u00eetre ses droits\"}]},{\"@type\":\"WebSite\",\"@id\":\"https:\\\/\\\/solidaires-etudiant-e-s.org\\\/site\\\/#website\",\"url\":\"https:\\\/\\\/solidaires-etudiant-e-s.org\\\/site\\\/\",\"name\":\"Solidaires \u00e9tudiant-e-s\",\"description\":\"Syndicats pour un enseignement sup\u00e9rieur gratuit, ouvert, et \u00e9mancipateur !\",\"publisher\":{\"@id\":\"https:\\\/\\\/solidaires-etudiant-e-s.org\\\/site\\\/#organization\"},\"potentialAction\":[{\"@type\":\"SearchAction\",\"target\":{\"@type\":\"EntryPoint\",\"urlTemplate\":\"https:\\\/\\\/solidaires-etudiant-e-s.org\\\/site\\\/?s={search_term_string}\"},\"query-input\":{\"@type\":\"PropertyValueSpecification\",\"valueRequired\":true,\"valueName\":\"search_term_string\"}}],\"inLanguage\":\"fr-FR\"},{\"@type\":\"Organization\",\"@id\":\"https:\\\/\\\/solidaires-etudiant-e-s.org\\\/site\\\/#organization\",\"name\":\"Solidaires \u00e9tudiant-e-s\",\"url\":\"https:\\\/\\\/solidaires-etudiant-e-s.org\\\/site\\\/\",\"logo\":{\"@type\":\"ImageObject\",\"inLanguage\":\"fr-FR\",\"@id\":\"https:\\\/\\\/solidaires-etudiant-e-s.org\\\/site\\\/#\\\/schema\\\/logo\\\/image\\\/\",\"url\":\"https:\\\/\\\/solidaires-etudiant-e-s.org\\\/site\\\/wp-content\\\/uploads\\\/2025\\\/12\\\/13-1.png\",\"contentUrl\":\"https:\\\/\\\/solidaires-etudiant-e-s.org\\\/site\\\/wp-content\\\/uploads\\\/2025\\\/12\\\/13-1.png\",\"width\":1181,\"height\":827,\"caption\":\"Solidaires \u00e9tudiant-e-s\"},\"image\":{\"@id\":\"https:\\\/\\\/solidaires-etudiant-e-s.org\\\/site\\\/#\\\/schema\\\/logo\\\/image\\\/\"},\"sameAs\":[\"https:\\\/\\\/www.facebook.com\\\/solidairesetudiantes\",\"https:\\\/\\\/x.com\\\/SolidairesEtu\",\"https:\\\/\\\/www.instagram.com\\\/solidairesetu\\\/\",\"https:\\\/\\\/bsky.app\\\/profile\\\/solidaires-etudiant-e-s.org\",\"https:\\\/\\\/mastodon.social\\\/@solidairesetu\",\"https:\\\/\\\/www.youtube.com\\\/channel\\\/UC_iZN9gmVAAnXbBM7wAWOag\"]}]}<\/script>\n<!-- \/ Yoast SEO plugin. -->","yoast_head_json":{"title":"Conna\u00eetre ses droits - Solidaires \u00e9tudiant-e-s","robots":{"index":"index","follow":"follow","max-snippet":"max-snippet:-1","max-image-preview":"max-image-preview:large","max-video-preview":"max-video-preview:-1"},"canonical":"https:\/\/solidaires-etudiant-e-s.org\/site\/connaitre-ses-droits\/","og_locale":"fr_FR","og_type":"article","og_title":"Conna\u00eetre ses droits - Solidaires \u00e9tudiant-e-s","og_description":"Guide de l&rsquo;\u00e9tudiant-e Tous les ans, Solidaires \u00e9tudiant-e-s publie un Guide de [&hellip;]","og_url":"https:\/\/solidaires-etudiant-e-s.org\/site\/connaitre-ses-droits\/","og_site_name":"Solidaires \u00e9tudiant-e-s","article_publisher":"https:\/\/www.facebook.com\/solidairesetudiantes","article_modified_time":"2025-10-07T21:22:07+00:00","og_image":[{"width":1410,"height":1410,"url":"https:\/\/solidaires-etudiant-e-s.org\/site\/wp-content\/uploads\/2023\/10\/Guide-de-letudiant-e-1-e1735390603479.webp","type":"image\/webp"}],"twitter_card":"summary_large_image","twitter_site":"@SolidairesEtu","twitter_misc":{"Dur\u00e9e de lecture estim\u00e9e":"2 minutes"},"schema":{"@context":"https:\/\/schema.org","@graph":[{"@type":"WebPage","@id":"https:\/\/solidaires-etudiant-e-s.org\/site\/connaitre-ses-droits\/","url":"https:\/\/solidaires-etudiant-e-s.org\/site\/connaitre-ses-droits\/","name":"Conna\u00eetre ses droits - Solidaires \u00e9tudiant-e-s","isPartOf":{"@id":"https:\/\/solidaires-etudiant-e-s.org\/site\/#website"},"primaryImageOfPage":{"@id":"https:\/\/solidaires-etudiant-e-s.org\/site\/connaitre-ses-droits\/#primaryimage"},"image":{"@id":"https:\/\/solidaires-etudiant-e-s.org\/site\/connaitre-ses-droits\/#primaryimage"},"thumbnailUrl":"https:\/\/solidaires-etudiant-e-s.org\/site\/wp-content\/uploads\/2023\/10\/Guide-de-letudiant-e-1-e1735390603479-1024x1024.webp","datePublished":"2021-03-27T15:09:34+00:00","dateModified":"2025-10-07T21:22:07+00:00","breadcrumb":{"@id":"https:\/\/solidaires-etudiant-e-s.org\/site\/connaitre-ses-droits\/#breadcrumb"},"inLanguage":"fr-FR","potentialAction":[{"@type":"ReadAction","target":["https:\/\/solidaires-etudiant-e-s.org\/site\/connaitre-ses-droits\/"]}]},{"@type":"ImageObject","inLanguage":"fr-FR","@id":"https:\/\/solidaires-etudiant-e-s.org\/site\/connaitre-ses-droits\/#primaryimage","url":"https:\/\/solidaires-etudiant-e-s.org\/site\/wp-content\/uploads\/2023\/10\/Guide-de-letudiant-e-1-e1735390603479.webp","contentUrl":"https:\/\/solidaires-etudiant-e-s.org\/site\/wp-content\/uploads\/2023\/10\/Guide-de-letudiant-e-1-e1735390603479.webp","width":1410,"height":1410},{"@type":"BreadcrumbList","@id":"https:\/\/solidaires-etudiant-e-s.org\/site\/connaitre-ses-droits\/#breadcrumb","itemListElement":[{"@type":"ListItem","position":1,"name":"Accueil","item":"https:\/\/solidaires-etudiant-e-s.org\/site\/"},{"@type":"ListItem","position":2,"name":"Conna\u00eetre ses droits"}]},{"@type":"WebSite","@id":"https:\/\/solidaires-etudiant-e-s.org\/site\/#website","url":"https:\/\/solidaires-etudiant-e-s.org\/site\/","name":"Solidaires \u00e9tudiant-e-s","description":"Syndicats pour un enseignement sup\u00e9rieur gratuit, ouvert, et \u00e9mancipateur !","publisher":{"@id":"https:\/\/solidaires-etudiant-e-s.org\/site\/#organization"},"potentialAction":[{"@type":"SearchAction","target":{"@type":"EntryPoint","urlTemplate":"https:\/\/solidaires-etudiant-e-s.org\/site\/?s={search_term_string}"},"query-input":{"@type":"PropertyValueSpecification","valueRequired":true,"valueName":"search_term_string"}}],"inLanguage":"fr-FR"},{"@type":"Organization","@id":"https:\/\/solidaires-etudiant-e-s.org\/site\/#organization","name":"Solidaires \u00e9tudiant-e-s","url":"https:\/\/solidaires-etudiant-e-s.org\/site\/","logo":{"@type":"ImageObject","inLanguage":"fr-FR","@id":"https:\/\/solidaires-etudiant-e-s.org\/site\/#\/schema\/logo\/image\/","url":"https:\/\/solidaires-etudiant-e-s.org\/site\/wp-content\/uploads\/2025\/12\/13-1.png","contentUrl":"https:\/\/solidaires-etudiant-e-s.org\/site\/wp-content\/uploads\/2025\/12\/13-1.png","width":1181,"height":827,"caption":"Solidaires \u00e9tudiant-e-s"},"image":{"@id":"https:\/\/solidaires-etudiant-e-s.org\/site\/#\/schema\/logo\/image\/"},"sameAs":["https:\/\/www.facebook.com\/solidairesetudiantes","https:\/\/x.com\/SolidairesEtu","https:\/\/www.instagram.com\/solidairesetu\/","https:\/\/bsky.app\/profile\/solidaires-etudiant-e-s.org","https:\/\/mastodon.social\/@solidairesetu","https:\/\/www.youtube.com\/channel\/UC_iZN9gmVAAnXbBM7wAWOag"]}]}},"_links":{"self":[{"href":"https:\/\/solidaires-etudiant-e-s.org\/site\/wp-json\/wp\/v2\/pages\/2","targetHints":{"allow":["GET"]}}],"collection":[{"href":"https:\/\/solidaires-etudiant-e-s.org\/site\/wp-json\/wp\/v2\/pages"}],"about":[{"href":"https:\/\/solidaires-etudiant-e-s.org\/site\/wp-json\/wp\/v2\/types\/page"}],"author":[{"embeddable":true,"href":"https:\/\/solidaires-etudiant-e-s.org\/site\/wp-json\/wp\/v2\/users\/1"}],"replies":[{"embeddable":true,"href":"https:\/\/solidaires-etudiant-e-s.org\/site\/wp-json\/wp\/v2\/comments?post=2"}],"version-history":[{"count":17,"href":"https:\/\/solidaires-etudiant-e-s.org\/site\/wp-json\/wp\/v2\/pages\/2\/revisions"}],"predecessor-version":[{"id":7860,"href":"https:\/\/solidaires-etudiant-e-s.org\/site\/wp-json\/wp\/v2\/pages\/2\/revisions\/7860"}],"wp:attachment":[{"href":"https:\/\/solidaires-etudiant-e-s.org\/site\/wp-json\/wp\/v2\/media?parent=2"}],"curies":[{"name":"wp","href":"https:\/\/api.w.org\/{rel}","templated":true}]}}