{"id":1397,"date":"2014-10-03T00:00:13","date_gmt":"2014-10-02T22:00:13","guid":{"rendered":"http:\/\/www.solidaires-etudiant.org\/?page_id=1397"},"modified":"2025-07-29T17:24:41","modified_gmt":"2025-07-29T16:24:41","slug":"guide2023","status":"publish","type":"page","link":"https:\/\/solidaires-etudiant-e-s.org\/site\/connaitre-ses-droits\/guide2023\/","title":{"rendered":"Guide de l&rsquo;\u00e9tudiant-e 2023-2024"},"content":{"rendered":"<p>Tous les ans, Solidaires \u00e9tudiant-e-s publie son\u00a0<em>Guide de l\u2019\u00e9tudiant-e<\/em> afin de faire conna\u00eetre les droits des \u00e9tudiant-e-s \u00e0 l\u2019universit\u00e9. Voici la nouvelle version pour l\u2019ann\u00e9e 2023 \u2013 2024 !<\/p>\n<p>\u00c0 l\u2019int\u00e9rieur de ce guide vous sont expliqu\u00e9s les droits dont vous disposez en tant qu\u2019\u00e9tudiant-e-s ainsi que les bons conseils pour faciliter votre parcours universitaire.<br \/>Vous retrouverez notamment de multiples informations sur comment se loger ? se nourrir ? se soigner ? se d\u00e9placer ? lorsque vous \u00eates \u00e9tudiant-e-s ainsi que des explications sur le fonctionnement de l\u2019universit\u00e9.<br \/>De m\u00eame, ce guide recense les num\u00e9ros et adresses mails des syndicats et services qui vous accompagneront et que vous serez \u00e0 m\u00eame de croiser en tant qu\u2019\u00e9tudiant-e-s.<\/p>\n<p>Si aujourd\u2019hui, les \u00e9tudiant-e-s disposent d\u2019un certain nombre de droits (face auxquels ne se sommes pas tou-te-s \u00e9gaux-les), ces derniers sont constamment menac\u00e9s par les gouvernements successifs qui r\u00eavent d\u2019une universit\u00e9-entreprise o\u00f9 les \u00e9tudiant-e-s seront une main d\u2019\u0153uvre docile et exploitable \u00e0 souhait.<br \/>C\u2019est pour cela qu\u2019il est important de connaitre ses droits afin de les d\u00e9fendre et d\u2019en conqu\u00e9rir de nouveaux !<\/p>\n<p>Rapprochez vous des syndicats Solidaires \u00e9tudiant-e-s les plus proche de chez vous pour avoir une version papier de ce guide (liste des syndicats <a href=\"https:\/\/solidaires-etudiant.org\/site\/syndicats\/\" target=\"_blank\" rel=\"noreferrer noopener\">ici<\/a>)<\/p>\n<p>Bonne lecture !<\/p>\n\n\n<div data-wp-interactive=\"core\/file\" class=\"wp-block-file\"><object data-wp-bind--hidden=\"!state.hasPdfPreview\" hidden class=\"wp-block-file__embed\" data=\"https:\/\/solidaires-etudiant-e-s.org\/site\/wp-content\/uploads\/2023\/10\/Guide-de-letudiant-e-alternatif-2023-2024-format-modifie-24-mai-1.pdf\" type=\"application\/pdf\" style=\"width:100%;height:600px\" aria-label=\"Contenu embarqu\u00e9 Guide-de-letudiant-e-alternatif-2023-2024-format-modifie-24-mai-1.\"><\/object><a id=\"wp-block-file--media-ffc47d70-5823-4f2b-b277-2dd1c9580282\" href=\"https:\/\/solidaires-etudiant-e-s.org\/site\/wp-content\/uploads\/2023\/10\/Guide-de-letudiant-e-alternatif-2023-2024-format-modifie-24-mai-1.pdf\">Guide-de-letudiant-e-alternatif-2023-2024-format-modifie-24-mai-1<\/a><a href=\"https:\/\/solidaires-etudiant-e-s.org\/site\/wp-content\/uploads\/2023\/10\/Guide-de-letudiant-e-alternatif-2023-2024-format-modifie-24-mai-1.pdf\" class=\"wp-block-file__button wp-element-button\" download aria-describedby=\"wp-block-file--media-ffc47d70-5823-4f2b-b277-2dd1c9580282\">T\u00e9l\u00e9charger<\/a><\/div>\n\n\n\n<p><\/p>\n","protected":false},"excerpt":{"rendered":"<p>Tous les ans, Solidaires \u00e9tudiant-e-s publie son\u00a0Guide de l\u2019\u00e9tudiant-e afin de faire [&hellip;]<\/p>\n","protected":false},"author":1,"featured_media":7017,"parent":2,"menu_order":0,"comment_status":"closed","ping_status":"closed","template":"","meta":{"cybocfi_hide_featured_image":"","footnotes":""},"class_list":{"0":"post-1397","1":"page","2":"type-page","3":"status-publish","4":"has-post-thumbnail","6":"col-md-4 col-sm-4"},"featured_image_src":"https:\/\/solidaires-etudiant-e-s.org\/site\/wp-content\/uploads\/2023\/10\/Guide-de-letudiant-e-1.png","yoast_head":"<!-- This site is optimized with the Yoast SEO plugin v27.4 - https:\/\/yoast.com\/product\/yoast-seo-wordpress\/ -->\n<title>Guide de l&#039;\u00e9tudiant-e 2023-2024 - Solidaires \u00e9tudiant-e-s<\/title>\n<meta name=\"robots\" content=\"index, follow, max-snippet:-1, max-image-preview:large, max-video-preview:-1\" \/>\n<link rel=\"canonical\" href=\"https:\/\/solidaires-etudiant-e-s.org\/site\/connaitre-ses-droits\/guide2023\/\" \/>\n<meta property=\"og:locale\" content=\"fr_FR\" \/>\n<meta property=\"og:type\" content=\"article\" \/>\n<meta property=\"og:title\" content=\"Guide de l&#039;\u00e9tudiant-e 2023-2024 - Solidaires \u00e9tudiant-e-s\" \/>\n<meta property=\"og:description\" content=\"Tous les ans, Solidaires \u00e9tudiant-e-s publie son\u00a0Guide de l\u2019\u00e9tudiant-e afin de faire [&hellip;]\" \/>\n<meta property=\"og:url\" content=\"https:\/\/solidaires-etudiant-e-s.org\/site\/connaitre-ses-droits\/guide2023\/\" \/>\n<meta property=\"og:site_name\" content=\"Solidaires \u00e9tudiant-e-s\" \/>\n<meta property=\"article:publisher\" content=\"https:\/\/www.facebook.com\/solidairesetudiantes\" \/>\n<meta property=\"article:modified_time\" content=\"2025-07-29T16:24:41+00:00\" \/>\n<meta property=\"og:image\" content=\"https:\/\/solidaires-etudiant-e-s.org\/site\/wp-content\/uploads\/2023\/10\/Guide-de-letudiant-e-1.png\" \/>\n\t<meta property=\"og:image:width\" content=\"1410\" \/>\n\t<meta property=\"og:image:height\" content=\"2000\" \/>\n\t<meta property=\"og:image:type\" content=\"image\/png\" \/>\n<meta name=\"twitter:card\" content=\"summary_large_image\" \/>\n<meta name=\"twitter:site\" content=\"@SolidairesEtu\" \/>\n<meta name=\"twitter:label1\" content=\"Dur\u00e9e de lecture estim\u00e9e\" \/>\n\t<meta name=\"twitter:data1\" content=\"2 minutes\" \/>\n<script type=\"application\/ld+json\" class=\"yoast-schema-graph\">{\"@context\":\"https:\\\/\\\/schema.org\",\"@graph\":[{\"@type\":\"WebPage\",\"@id\":\"https:\\\/\\\/solidaires-etudiant-e-s.org\\\/site\\\/connaitre-ses-droits\\\/guide2023\\\/\",\"url\":\"https:\\\/\\\/solidaires-etudiant-e-s.org\\\/site\\\/connaitre-ses-droits\\\/guide2023\\\/\",\"name\":\"Guide de l'\u00e9tudiant-e 2023-2024 - Solidaires \u00e9tudiant-e-s\",\"isPartOf\":{\"@id\":\"https:\\\/\\\/solidaires-etudiant-e-s.org\\\/site\\\/#website\"},\"primaryImageOfPage\":{\"@id\":\"https:\\\/\\\/solidaires-etudiant-e-s.org\\\/site\\\/connaitre-ses-droits\\\/guide2023\\\/#primaryimage\"},\"image\":{\"@id\":\"https:\\\/\\\/solidaires-etudiant-e-s.org\\\/site\\\/connaitre-ses-droits\\\/guide2023\\\/#primaryimage\"},\"thumbnailUrl\":\"https:\\\/\\\/solidaires-etudiant-e-s.org\\\/site\\\/wp-content\\\/uploads\\\/2023\\\/10\\\/Guide-de-letudiant-e-1.png\",\"datePublished\":\"2014-10-02T22:00:13+00:00\",\"dateModified\":\"2025-07-29T16:24:41+00:00\",\"breadcrumb\":{\"@id\":\"https:\\\/\\\/solidaires-etudiant-e-s.org\\\/site\\\/connaitre-ses-droits\\\/guide2023\\\/#breadcrumb\"},\"inLanguage\":\"fr-FR\",\"potentialAction\":[{\"@type\":\"ReadAction\",\"target\":[\"https:\\\/\\\/solidaires-etudiant-e-s.org\\\/site\\\/connaitre-ses-droits\\\/guide2023\\\/\"]}]},{\"@type\":\"ImageObject\",\"inLanguage\":\"fr-FR\",\"@id\":\"https:\\\/\\\/solidaires-etudiant-e-s.org\\\/site\\\/connaitre-ses-droits\\\/guide2023\\\/#primaryimage\",\"url\":\"https:\\\/\\\/solidaires-etudiant-e-s.org\\\/site\\\/wp-content\\\/uploads\\\/2023\\\/10\\\/Guide-de-letudiant-e-1.png\",\"contentUrl\":\"https:\\\/\\\/solidaires-etudiant-e-s.org\\\/site\\\/wp-content\\\/uploads\\\/2023\\\/10\\\/Guide-de-letudiant-e-1.png\",\"width\":1410,\"height\":2000},{\"@type\":\"BreadcrumbList\",\"@id\":\"https:\\\/\\\/solidaires-etudiant-e-s.org\\\/site\\\/connaitre-ses-droits\\\/guide2023\\\/#breadcrumb\",\"itemListElement\":[{\"@type\":\"ListItem\",\"position\":1,\"name\":\"Accueil\",\"item\":\"https:\\\/\\\/solidaires-etudiant-e-s.org\\\/site\\\/\"},{\"@type\":\"ListItem\",\"position\":2,\"name\":\"Conna\u00eetre ses droits\",\"item\":\"https:\\\/\\\/solidaires-etudiant-e-s.org\\\/site\\\/connaitre-ses-droits\\\/\"},{\"@type\":\"ListItem\",\"position\":3,\"name\":\"Guide de l&rsquo;\u00e9tudiant-e 2023-2024\"}]},{\"@type\":\"WebSite\",\"@id\":\"https:\\\/\\\/solidaires-etudiant-e-s.org\\\/site\\\/#website\",\"url\":\"https:\\\/\\\/solidaires-etudiant-e-s.org\\\/site\\\/\",\"name\":\"Solidaires \u00e9tudiant-e-s\",\"description\":\"Syndicats pour un enseignement sup\u00e9rieur gratuit, ouvert, et \u00e9mancipateur !\",\"publisher\":{\"@id\":\"https:\\\/\\\/solidaires-etudiant-e-s.org\\\/site\\\/#organization\"},\"potentialAction\":[{\"@type\":\"SearchAction\",\"target\":{\"@type\":\"EntryPoint\",\"urlTemplate\":\"https:\\\/\\\/solidaires-etudiant-e-s.org\\\/site\\\/?s={search_term_string}\"},\"query-input\":{\"@type\":\"PropertyValueSpecification\",\"valueRequired\":true,\"valueName\":\"search_term_string\"}}],\"inLanguage\":\"fr-FR\"},{\"@type\":\"Organization\",\"@id\":\"https:\\\/\\\/solidaires-etudiant-e-s.org\\\/site\\\/#organization\",\"name\":\"Solidaires \u00e9tudiant-e-s\",\"url\":\"https:\\\/\\\/solidaires-etudiant-e-s.org\\\/site\\\/\",\"logo\":{\"@type\":\"ImageObject\",\"inLanguage\":\"fr-FR\",\"@id\":\"https:\\\/\\\/solidaires-etudiant-e-s.org\\\/site\\\/#\\\/schema\\\/logo\\\/image\\\/\",\"url\":\"https:\\\/\\\/solidaires-etudiant-e-s.org\\\/site\\\/wp-content\\\/uploads\\\/2025\\\/12\\\/13-1.png\",\"contentUrl\":\"https:\\\/\\\/solidaires-etudiant-e-s.org\\\/site\\\/wp-content\\\/uploads\\\/2025\\\/12\\\/13-1.png\",\"width\":1181,\"height\":827,\"caption\":\"Solidaires \u00e9tudiant-e-s\"},\"image\":{\"@id\":\"https:\\\/\\\/solidaires-etudiant-e-s.org\\\/site\\\/#\\\/schema\\\/logo\\\/image\\\/\"},\"sameAs\":[\"https:\\\/\\\/www.facebook.com\\\/solidairesetudiantes\",\"https:\\\/\\\/x.com\\\/SolidairesEtu\",\"https:\\\/\\\/www.instagram.com\\\/solidairesetu\\\/\",\"https:\\\/\\\/bsky.app\\\/profile\\\/solidaires-etudiant-e-s.org\",\"https:\\\/\\\/mastodon.social\\\/@solidairesetu\",\"https:\\\/\\\/www.youtube.com\\\/channel\\\/UC_iZN9gmVAAnXbBM7wAWOag\"]}]}<\/script>\n<!-- \/ Yoast SEO plugin. -->","yoast_head_json":{"title":"Guide de l'\u00e9tudiant-e 2023-2024 - Solidaires \u00e9tudiant-e-s","robots":{"index":"index","follow":"follow","max-snippet":"max-snippet:-1","max-image-preview":"max-image-preview:large","max-video-preview":"max-video-preview:-1"},"canonical":"https:\/\/solidaires-etudiant-e-s.org\/site\/connaitre-ses-droits\/guide2023\/","og_locale":"fr_FR","og_type":"article","og_title":"Guide de l'\u00e9tudiant-e 2023-2024 - Solidaires \u00e9tudiant-e-s","og_description":"Tous les ans, Solidaires \u00e9tudiant-e-s publie son\u00a0Guide de l\u2019\u00e9tudiant-e afin de faire [&hellip;]","og_url":"https:\/\/solidaires-etudiant-e-s.org\/site\/connaitre-ses-droits\/guide2023\/","og_site_name":"Solidaires \u00e9tudiant-e-s","article_publisher":"https:\/\/www.facebook.com\/solidairesetudiantes","article_modified_time":"2025-07-29T16:24:41+00:00","og_image":[{"width":1410,"height":2000,"url":"https:\/\/solidaires-etudiant-e-s.org\/site\/wp-content\/uploads\/2023\/10\/Guide-de-letudiant-e-1.png","type":"image\/png"}],"twitter_card":"summary_large_image","twitter_site":"@SolidairesEtu","twitter_misc":{"Dur\u00e9e de lecture estim\u00e9e":"2 minutes"},"schema":{"@context":"https:\/\/schema.org","@graph":[{"@type":"WebPage","@id":"https:\/\/solidaires-etudiant-e-s.org\/site\/connaitre-ses-droits\/guide2023\/","url":"https:\/\/solidaires-etudiant-e-s.org\/site\/connaitre-ses-droits\/guide2023\/","name":"Guide de l'\u00e9tudiant-e 2023-2024 - Solidaires \u00e9tudiant-e-s","isPartOf":{"@id":"https:\/\/solidaires-etudiant-e-s.org\/site\/#website"},"primaryImageOfPage":{"@id":"https:\/\/solidaires-etudiant-e-s.org\/site\/connaitre-ses-droits\/guide2023\/#primaryimage"},"image":{"@id":"https:\/\/solidaires-etudiant-e-s.org\/site\/connaitre-ses-droits\/guide2023\/#primaryimage"},"thumbnailUrl":"https:\/\/solidaires-etudiant-e-s.org\/site\/wp-content\/uploads\/2023\/10\/Guide-de-letudiant-e-1.png","datePublished":"2014-10-02T22:00:13+00:00","dateModified":"2025-07-29T16:24:41+00:00","breadcrumb":{"@id":"https:\/\/solidaires-etudiant-e-s.org\/site\/connaitre-ses-droits\/guide2023\/#breadcrumb"},"inLanguage":"fr-FR","potentialAction":[{"@type":"ReadAction","target":["https:\/\/solidaires-etudiant-e-s.org\/site\/connaitre-ses-droits\/guide2023\/"]}]},{"@type":"ImageObject","inLanguage":"fr-FR","@id":"https:\/\/solidaires-etudiant-e-s.org\/site\/connaitre-ses-droits\/guide2023\/#primaryimage","url":"https:\/\/solidaires-etudiant-e-s.org\/site\/wp-content\/uploads\/2023\/10\/Guide-de-letudiant-e-1.png","contentUrl":"https:\/\/solidaires-etudiant-e-s.org\/site\/wp-content\/uploads\/2023\/10\/Guide-de-letudiant-e-1.png","width":1410,"height":2000},{"@type":"BreadcrumbList","@id":"https:\/\/solidaires-etudiant-e-s.org\/site\/connaitre-ses-droits\/guide2023\/#breadcrumb","itemListElement":[{"@type":"ListItem","position":1,"name":"Accueil","item":"https:\/\/solidaires-etudiant-e-s.org\/site\/"},{"@type":"ListItem","position":2,"name":"Conna\u00eetre ses droits","item":"https:\/\/solidaires-etudiant-e-s.org\/site\/connaitre-ses-droits\/"},{"@type":"ListItem","position":3,"name":"Guide de l&rsquo;\u00e9tudiant-e 2023-2024"}]},{"@type":"WebSite","@id":"https:\/\/solidaires-etudiant-e-s.org\/site\/#website","url":"https:\/\/solidaires-etudiant-e-s.org\/site\/","name":"Solidaires \u00e9tudiant-e-s","description":"Syndicats pour un enseignement sup\u00e9rieur gratuit, ouvert, et \u00e9mancipateur !","publisher":{"@id":"https:\/\/solidaires-etudiant-e-s.org\/site\/#organization"},"potentialAction":[{"@type":"SearchAction","target":{"@type":"EntryPoint","urlTemplate":"https:\/\/solidaires-etudiant-e-s.org\/site\/?s={search_term_string}"},"query-input":{"@type":"PropertyValueSpecification","valueRequired":true,"valueName":"search_term_string"}}],"inLanguage":"fr-FR"},{"@type":"Organization","@id":"https:\/\/solidaires-etudiant-e-s.org\/site\/#organization","name":"Solidaires \u00e9tudiant-e-s","url":"https:\/\/solidaires-etudiant-e-s.org\/site\/","logo":{"@type":"ImageObject","inLanguage":"fr-FR","@id":"https:\/\/solidaires-etudiant-e-s.org\/site\/#\/schema\/logo\/image\/","url":"https:\/\/solidaires-etudiant-e-s.org\/site\/wp-content\/uploads\/2025\/12\/13-1.png","contentUrl":"https:\/\/solidaires-etudiant-e-s.org\/site\/wp-content\/uploads\/2025\/12\/13-1.png","width":1181,"height":827,"caption":"Solidaires \u00e9tudiant-e-s"},"image":{"@id":"https:\/\/solidaires-etudiant-e-s.org\/site\/#\/schema\/logo\/image\/"},"sameAs":["https:\/\/www.facebook.com\/solidairesetudiantes","https:\/\/x.com\/SolidairesEtu","https:\/\/www.instagram.com\/solidairesetu\/","https:\/\/bsky.app\/profile\/solidaires-etudiant-e-s.org","https:\/\/mastodon.social\/@solidairesetu","https:\/\/www.youtube.com\/channel\/UC_iZN9gmVAAnXbBM7wAWOag"]}]}},"_links":{"self":[{"href":"https:\/\/solidaires-etudiant-e-s.org\/site\/wp-json\/wp\/v2\/pages\/1397","targetHints":{"allow":["GET"]}}],"collection":[{"href":"https:\/\/solidaires-etudiant-e-s.org\/site\/wp-json\/wp\/v2\/pages"}],"about":[{"href":"https:\/\/solidaires-etudiant-e-s.org\/site\/wp-json\/wp\/v2\/types\/page"}],"author":[{"embeddable":true,"href":"https:\/\/solidaires-etudiant-e-s.org\/site\/wp-json\/wp\/v2\/users\/1"}],"replies":[{"embeddable":true,"href":"https:\/\/solidaires-etudiant-e-s.org\/site\/wp-json\/wp\/v2\/comments?post=1397"}],"version-history":[{"count":8,"href":"https:\/\/solidaires-etudiant-e-s.org\/site\/wp-json\/wp\/v2\/pages\/1397\/revisions"}],"predecessor-version":[{"id":7835,"href":"https:\/\/solidaires-etudiant-e-s.org\/site\/wp-json\/wp\/v2\/pages\/1397\/revisions\/7835"}],"up":[{"embeddable":true,"href":"https:\/\/solidaires-etudiant-e-s.org\/site\/wp-json\/wp\/v2\/pages\/2"}],"wp:featuredmedia":[{"embeddable":true,"href":"https:\/\/solidaires-etudiant-e-s.org\/site\/wp-json\/wp\/v2\/media\/7017"}],"wp:attachment":[{"href":"https:\/\/solidaires-etudiant-e-s.org\/site\/wp-json\/wp\/v2\/media?parent=1397"}],"curies":[{"name":"wp","href":"https:\/\/api.w.org\/{rel}","templated":true}]}}