{"id":1390,"date":"2014-10-02T23:51:36","date_gmt":"2014-10-02T21:51:36","guid":{"rendered":"http:\/\/www.solidaires-etudiant.org\/?page_id=1390"},"modified":"2025-01-08T01:48:42","modified_gmt":"2025-01-08T00:48:42","slug":"sante","status":"publish","type":"page","link":"https:\/\/solidaires-etudiant-e-s.org\/site\/connaitre-ses-droits\/sante\/","title":{"rendered":"La Sant\u00e9 Etudiante"},"content":{"rendered":"<p style=\"text-align: right;\" align=\"center\"><span style=\"color: #000000;\"><span style=\"font-family: Calibri,sans-serif;\"><span style=\"font-size: large;\">\u00a0<em>derni\u00e8re mise \u00e0 jour : mai 2020<\/em><\/span><\/span><\/span><\/p>\n<h5 align=\"center\"><span style=\"text-decoration: underline;\">LA SECURITE SOCIALE<\/span><\/h5>\n<ul>\n<li><strong>(R\u00e9)inscription dans le sup\u00e9rieur :<\/strong><\/li>\n<\/ul>\n<p>Les \u00e9tudiant-e-s sont d\u00e9sormais affili\u00e9 \u00e0 l&rsquo;assurance maladie de la m\u00eame mani\u00e8re que les travailleur-euses. Si tu es de nationalit\u00e9 fran\u00e7aise, tu seras donc <strong>automatiquement affili\u00e9-e \u00e0 un r\u00e9gime obligatoire<\/strong> de l&rsquo;assurance maladie (en g\u00e9n\u00e9ral, celui de tes parents : g\u00e9n\u00e9ral, agricole&#8230;) Il n&rsquo;y a aucune d\u00e9marche suppl\u00e9mentaire \u00e0 effectuer, et rien de plus \u00e0 payer.<\/p>\n<ul>\n<li><strong>Etudiant-e en alternance :<\/strong><\/li>\n<\/ul>\n<p>Tu rel\u00e8ves du r\u00e9gime g\u00e9n\u00e9ral de s\u00e9curit\u00e9 sociale et \u00eates assur\u00e9s y compris pour les accidents du travail et maladie professionnelles d\u00e8s le premier jour de ton apprentissage. <strong>Si tu as d\u00e9j\u00e0 travaill\u00e9<\/strong> auparavant, tu n&rsquo;as aucune d\u00e9marche suppl\u00e9mentaire \u00e0 effectuer.<br \/>\nEn revanche <strong>si c&rsquo;est la premi\u00e8re fois,<\/strong> tu dois contacter ta caisse d&rsquo;assurance maladie pour faire part de ta situation. Si tu \u00e9tais auparavant rattach\u00e9 \u00e0 tes parents, il faut lui transmettre un RIB et <a href=\"https:\/\/www.ameli.fr\/sites\/default\/files\/formulaires\/64867\/s1110._nouveau_cnam_puma_perso_remp.pdf\">le formulaire S1110<\/a> compl\u00e9t\u00e9. Si tu n&rsquo;\u00e9tais pas attach\u00e9 \u00e0 l&rsquo;assurance maladie, il faut faire une demande d&rsquo;ouverture des droits en remplissant <a href=\"https:\/\/www.ameli.fr\/sites\/default\/files\/formulaires\/168\/s1106_-_demande_puma_-_assurance_maladie.pdf\">le formulaire S1106<\/a>.<br \/>\nTa protection sociale continue pendant un an apr\u00e8s la fin de l&rsquo;apprentissage.<\/p>\n<ul>\n<li><strong>Etudiant-e stagiaire<\/strong><\/li>\n<\/ul>\n<p><strong>Ta situation d\u00e9pend de ta gratification<\/strong>. Pour rappel, elle est obligatoire lorsque la dur\u00e9e du stage est de plus de deux mois cons\u00e9cutifs (\u00e9quivalent 44 jours \u00e0 7 heures par jour) au cours de la m\u00eame ann\u00e9e universitaire, ou \u00e0 partir de la 309\u00e8me heure au cours de la m\u00eame ann\u00e9e universitaire si le stage n&rsquo;est pas effectu\u00e9 de mani\u00e8re continue. La gratification minimale est de 3\u20ac90 de l&rsquo;heure. En-dessous de ces seuils, la gratification n&rsquo;est pas obligatoire ou peut \u00eatre inf\u00e9rieure \u00e0 3\u20ac90.<br \/>\n<em>Si tu touches 3\u20ac90 ou plus \u00e0 l&rsquo;heure<\/em><br \/>\nTu es rembours\u00e9-e de tes frais de sant\u00e9 et de maternit\u00e9, et<strong> si tu remplis les conditions d&rsquo;ouverture des droits<\/strong> pour chacune de ces possibilit\u00e9s, tu peux b\u00e9n\u00e9ficier d&rsquo;indemnit\u00e9s pour arr\u00eat maladie, cong\u00e9 maternit\u00e9, paternit\u00e9, d&rsquo;accueil d&rsquo;enfant, d&rsquo;adoption, de prestations d&rsquo;assurance invalidit\u00e9 et de prestations en cas de d\u00e9c\u00e8s d&rsquo;un proche. Tu es aussi couvert-e <strong>sans condition d&rsquo;ouverture des droits<\/strong> en cas d&rsquo;accident ou maladie professionnelle,<br \/>\n<em>Si tu touches moins de 3\u20ac90<\/em><br \/>\nTu es couvert-e pour tes frais de sant\u00e9 en cas de maladie ou de maternit\u00e9, mais pas pour le reste. Tu es couvert-e en cas d&rsquo;accident du travail ou de maladie professionnelle.<\/p>\n<ul>\n<li><strong>Etudiant-e salari\u00e9-e<\/strong><\/li>\n<\/ul>\n<p>Tu d\u00e9pends du r\u00e9gime li\u00e9 \u00e0 ton activit\u00e9 professionnelle, sous pr\u00e9sentation de ton contrat de travail ou d&rsquo;une fiche de paye.<\/p>\n<ul>\n<li><strong>Etudiant-e \u00e9tranger-\u00e8re, fran\u00e7ais-e n\u00e9-e \u00e0 l&rsquo;\u00e9tranger, de Nouvelle-Cal\u00e9donie ou Wallis-et-Futuna<\/strong><\/li>\n<\/ul>\n<p>Tu dois t&rsquo;inscrire aupr\u00e8s de la s\u00e9curit\u00e9 sociale fran\u00e7aise <a href=\"https:\/\/etudiant-etranger.ameli.fr\/#\/\">sur le site d\u00e9di\u00e9<\/a>. On te demande pour cela diff\u00e9rents documents (pi\u00e8ce d&rsquo;identit\u00e9, acte d&rsquo;\u00e9tat civil (titre de s\u00e9jour, papier d&rsquo;identit\u00e9, attestation de scolarit\u00e9, autorisation des parents si tu es mineur-e, IBAN, pi\u00e8ce d&rsquo;\u00e9tat-civil (acte de naissance, livret de famille, acte de mariage), \u00e9ventuellement d&rsquo;autres documents selon les accords avec ton pays d&rsquo;origine).<br \/>\nA l&rsquo;issu de ces d\u00e9marches, tu obtiens un num\u00e9ro d&rsquo;affiliation provisoire qui te permet de b\u00e9n\u00e9ficier de remboursements en cas de maladie ou de maternit\u00e9, d&rsquo;accident du travail ou de maladie professionnelle. Tu recevras ensuite un num\u00e9ro d\u00e9finitif d&rsquo;affiliation qui te permettra de commander une carte vitale (par courrier ou sur le site <a href=\"https:\/\/assure.ameli.fr\/PortailAS\/appmanager\/PortailAS\/assure?_somtc=true\">Ameli<\/a>), et ainsi de b\u00e9n\u00e9ficier des remboursements automatiques.<br \/>\n<span style=\"text-decoration: underline;\">Etudiant-e UE\/EEE\/Suisse<\/span> : la carte europ\u00e9enne d&rsquo;assurance maladie te permet de b\u00e9n\u00e9ficier de la protection sociale de ton pays d&rsquo;origine en France. Si tu n&rsquo;y as pas droit, tu peux \u00eatre affili\u00e9-e \u00e0 la s\u00e9curit\u00e9 sociale fran\u00e7aise. Les d\u00e9marches sont celles d\u00e9crites ci-dessus. Il faut pour cela justifier de revenus suffisant, en revanche tu n&rsquo;as pas besoin de titre de s\u00e9jour.<\/p>\n<ul>\n<li><strong>\u00c9tudier \u00e0 l&rsquo;\u00e9tranger<\/strong><\/li>\n<\/ul>\n<p><span style=\"text-decoration: underline;\">Dans l&rsquo;UE\/EEE\/Suisse<\/span> : tu peux demander une carte europ\u00e9enne d&rsquo;assurance maladie sur ton <a href=\"https:\/\/assure.ameli.fr\/PortailAS\/appmanager\/PortailAS\/assure?_somtc=true\">compte Ameli<\/a>, qui te permet de b\u00e9n\u00e9ficier de la s\u00e9curit\u00e9 sociale fran\u00e7aise.<br \/>\n<span style=\"text-decoration: underline;\">Ailleurs dans le monde<\/span> : si tu as moins de 20 ans, tu peux b\u00e9n\u00e9ficier du remboursement de tes frais urgents de sant\u00e9 \u00e0 ton retour. Attention, ce n&rsquo;est pas automatique et tu devras avancer les frais. Dans tous les cas, renseigne toi bien en avance sur la possibilit\u00e9 d&rsquo;affiliation au r\u00e9gime de s\u00e9curit\u00e9 sociale locale et sur les droits ouverts. Il est conseill\u00e9 de prendre une assurance selon les situations.<\/p>\n<h5 style=\"text-align: center;\"><span style=\"text-decoration: underline;\">LA MUTUELLE, UNE OBLIGATION<\/span><strong><span style=\"text-decoration: underline;\"><br \/>\n<\/span><\/strong><\/h5>\n<p align=\"justify\">Les mutuelles ou compl\u00e9mentaires sont des organismes priv\u00e9s qui remboursent <strong>les 30% des frais de sant\u00e9 <\/strong>qui ne sont pas pris en compte par la s\u00e9curit\u00e9 sociale. Il n&rsquo;est en <strong>aucun cas obligatoire de souscrire \u00e0 une compl\u00e9mentaire sant\u00e9.<\/strong><\/p>\n<p align=\"justify\">Les mutuelles \u00e9tudiantes proposent des offres de compl\u00e9mentaires sant\u00e9, mais il n&rsquo;y a <strong>aucune obligation de choisir l&rsquo;une d&rsquo;entre elles,<\/strong> on peut aussi soit garder celle de nos parents, soit souscrire \u00e0 une entreprise d\u00e9di\u00e9e traditionnellement aux salari\u00e9-e-s.<\/p>\n<p align=\"justify\">Il est important d&rsquo;\u00eatre adh\u00e9rant-e \u00e0 une mutuelle hospitali\u00e8re qui prendra en charge les frais hospitaliers en totalit\u00e9.<b><\/b><\/p>\n<p align=\"justify\">\n<h5 style=\"text-align: center;\" align=\"justify\"><span style=\"text-decoration: underline;\">LA COMPLEMENTAIRE SANTE SOLIDAIRE<\/span><\/h5>\n<p>Elle remplacedepuis 2019 la CMU-C et l&rsquo;ACS et permet \u00e0 des personnes aux faibles revenus d<strong>&lsquo;\u00eatre couvertes \u00e0 100% pour leurs d\u00e9penses de sant\u00e9 et de ne pas avancer les frais dans le cadre du tiers payant<\/strong> (\u00e9galement prise en charge forfaitaire des lunettes, proth\u00e8ses dentaires, aides auditives, etc.). Cela peut \u00eatre le cas pour de nombreux-euses \u00e9tudiant-e-s. Elle doit \u00eatre renouvel\u00e9e tous les ans, sauf pour les b\u00e9n\u00e9ficiaires du RSA et de l&rsquo;ASPA.<br \/>\nAttention, il en existe deux types : la <strong>compl\u00e9mentaire sant\u00e9 solidaire sans participation financi\u00e8re<\/strong>, dont les plafonds de revenus sont d\u00e9taill\u00e9s dans<a href=\"https:\/\/www.complementaire-sante-solidaire.gouv.fr\/fichier-utilisateur\/fichiers\/2020_04_01_CSS_Plafonds.pdf\"> ce document<\/a>, et la<strong> compl\u00e9mentaire sant\u00e9 solidaire avec participation financi\u00e8re<\/strong> dont les plafonds sont plus \u00e9lev\u00e9s mais qui n&rsquo;est pas gratuite. Le co\u00fbt est alors fonction de l&rsquo;\u00e2ge (!), une personne de moins de 29 ans doit par exemple payer 8\u20ac\/mois, soit 96\u20ac\/an.<br \/>\nLes bar\u00e8mes ne sont pas les m\u00eames en m\u00e9tropole et dans les DOM. Un simulateur est pr\u00e9sent sur <a href=\"https:\/\/www.complementaire-sante-solidaire.gouv.fr\/complementairesantesolidaire.php\">ce site<\/a>.<\/p>\n<ul>\n<li><strong>Les d\u00e9marches<\/strong><\/li>\n<\/ul>\n<p><span style=\"text-decoration: underline;\">Etudiant-e de moins de 25 ans :<\/span><br \/>\nLa demande est \u00e0 faire en m\u00eame temps que celle des parents sauf si tu as un enfant \u00e0 charge OU si tu es b\u00e9n\u00e9ficiaire d&rsquo;une aide sp\u00e9cifique annuelle du CROUS et habite chez tes parents et\/ou est sur leur d\u00e9claration fiscale et\/ou per\u00e7ois une pension alimentaire d\u00e9clar\u00e9e de leur part, OU n&rsquo;es ni rattach\u00e9 fiscalement \u00e0 tes parents, ni n&rsquo;habites chez eux, ni ne per\u00e7ois de pension alimentaire d\u00e9clar\u00e9e de tes parents. Si tu entres dans une de ces trois cat\u00e9gories, tu dois faire une demande autonome.<br \/>\n<span style=\"text-decoration: underline;\">Etudiant-e de plus de 25 ans :<\/span><br \/>\nLes d\u00e9marches sont les m\u00eame que pour n&rsquo;importe quel adulte. Il faut remplir le formulaire de demande (un seul par foyer) ou faire sa demande en ligne sur le<a href=\"https:\/\/assure.ameli.fr\/PortailAS\/appmanager\/PortailAS\/assure\"> site Ameli<\/a>, et retourner le dossier \u00e0 la caisse d&rsquo;assurance maladie avec les pi\u00e8ces justificatives, par courrier ou en mains propres. Une fois le dossier re\u00e7u par la caisse d&rsquo;assurance maladie, elle a deux mois pour l\u2019instruire et fournir une attestation de droits par courrier si elle accepte. <strong>Il est possible de contester une d\u00e9cision qui ne parait pas conforme avec tes droits ! <\/strong><\/p>\n<ul>\n<li><strong>Compl\u00e9mentaire sant\u00e9 solidaire avec participation financi\u00e8re<\/strong><\/li>\n<\/ul>\n<p>Avec la notification d&rsquo;attribution, l&rsquo;assurance maladie (ou le cas \u00e9ch\u00e9ant, l&rsquo;organisme d\u00e9sign\u00e9) envoie un<strong> bulletin d&rsquo;adh\u00e9sion \u00e0 renvoyer compl\u00e9ter avec le moyen de payement.<\/strong> Si tu ne choisis pas le pr\u00e9l\u00e8vement bancaire, tu dois remplir une d\u00e9claration d&rsquo;engagement. Les droits commencent au 1er du mois suivant la r\u00e9ception du bulletin par l&rsquo;assurance maladie.<\/p>\n<ul>\n<li><strong>Renouvellement<\/strong><\/li>\n<\/ul>\n<p>Il faut faire une nouvelle demande, entre quatre et deux mois avant la date d&rsquo;\u00e9ch\u00e9ance de l&rsquo;attestation pour rester couvert-e sans transition.<\/p>\n<h5 style=\"text-align: center;\"><span style=\"text-decoration: underline;\">MEDECINE PREVENTIVE<\/span><\/h5>\n<p align=\"justify\">Les m\u00e9decins et infirmier-\u00e8res de la m\u00e9decine pr\u00e9ventive <strong>d\u00e9livrent des consultations de m\u00e9decine g\u00e9n\u00e9rale sans avance de frais<\/strong> (pratique du tiers payant (pour les 70% de part s\u00e9curit\u00e9 sociale)). Tu peux obtenir des conseils (drogues, handicap, nourriture, sexologie&#8230;), te faire vacciner, consulter un-e psychologue, un-e gyn\u00e9cologue, faire soigner une dent, faire un test de d\u00e9pistage et traiter gratuitement les maladies sexuellement transmissibles. Tu peux trouver les contacts et adresses sur le site de ton universit\u00e9.<\/p>\n<p align=\"justify\">\n<h5 style=\"text-align: center;\" align=\"justify\"><span style=\"text-decoration: underline;\">SERVICES UNIVERSITE HANDICAP<\/span><\/h5>\n<p style=\"text-align: left;\" align=\"justify\">Si tu es en situation de handicap, ces services pourront t&rsquo;aider pour mettre en place les am\u00e9nagements \u00e9ventuels dont tu as besoin. Cela est \u00e9galement valable pour des situations temporaires (par exemple apr\u00e8s un accident).<\/p>\n<p align=\"justify\">\n<h5 style=\"text-align: center;\"><span style=\"text-decoration: underline;\">PLANNING FAMILIAL<\/span><\/h5>\n<p align=\"justify\">Le planning familial donne des <strong>informations et prescriptions sur la sexualit\u00e9 et la contraception,<\/strong> pr\u00e9servatifs gratuits, tests de grossesse, \u00e9coute et conseils sur l&rsquo;avortement, consultations de gyn\u00e9cologie gratuites. Tu peux aussi venir y parler de toute forme de violence que vous auriez subie (conjugale, sexuelle&#8230;) Le tout dans <strong>l&rsquo;anonymat.<\/strong><\/p>\n<p align=\"justify\">Les centres de planning familial ont jou\u00e9 un r\u00f4le central dans les luttes pour l&rsquo;acc\u00e8s \u00e0 la contraception, pour le droit de chacune et chacun \u00e0 disposer de son corps, pour le droit \u00e0 l&rsquo;avortement. Ils ont un r\u00f4le social de pr\u00e9vention, d&rsquo;information et d&rsquo;accompagnement de premi\u00e8re importance. Depuis plusieurs ann\u00e9es, l\u2019\u00c9tat leur coupe une bonne partie des subventions, et plus d&rsquo;1\/3 des centres vont devoir fermer. Ne laissons pas faire !<\/p>\n","protected":false},"excerpt":{"rendered":"<p>\u00a0derni\u00e8re mise \u00e0 jour : mai 2020 LA SECURITE SOCIALE (R\u00e9)inscription dans [&hellip;]<\/p>\n","protected":false},"author":1,"featured_media":0,"parent":2,"menu_order":0,"comment_status":"closed","ping_status":"closed","template":"","meta":{"cybocfi_hide_featured_image":"","footnotes":""},"class_list":{"0":"post-1390","1":"page","2":"type-page","3":"status-publish","5":"col-md-4 col-sm-4"},"featured_image_src":null,"yoast_head":"<!-- This site is optimized with the Yoast SEO plugin v27.4 - https:\/\/yoast.com\/product\/yoast-seo-wordpress\/ -->\n<title>La Sant\u00e9 Etudiante - Solidaires \u00e9tudiant-e-s<\/title>\n<meta name=\"robots\" content=\"index, follow, max-snippet:-1, max-image-preview:large, max-video-preview:-1\" \/>\n<link rel=\"canonical\" href=\"https:\/\/solidaires-etudiant-e-s.org\/site\/connaitre-ses-droits\/sante\/\" \/>\n<meta property=\"og:locale\" content=\"fr_FR\" \/>\n<meta property=\"og:type\" content=\"article\" \/>\n<meta property=\"og:title\" content=\"La Sant\u00e9 Etudiante - Solidaires \u00e9tudiant-e-s\" \/>\n<meta property=\"og:description\" content=\"\u00a0derni\u00e8re mise \u00e0 jour : mai 2020 LA SECURITE SOCIALE (R\u00e9)inscription dans [&hellip;]\" \/>\n<meta property=\"og:url\" content=\"https:\/\/solidaires-etudiant-e-s.org\/site\/connaitre-ses-droits\/sante\/\" \/>\n<meta property=\"og:site_name\" content=\"Solidaires \u00e9tudiant-e-s\" \/>\n<meta property=\"article:publisher\" content=\"https:\/\/www.facebook.com\/solidairesetudiantes\" \/>\n<meta property=\"article:modified_time\" content=\"2025-01-08T00:48:42+00:00\" \/>\n<meta name=\"twitter:card\" content=\"summary_large_image\" \/>\n<meta name=\"twitter:site\" content=\"@SolidairesEtu\" \/>\n<meta name=\"twitter:label1\" content=\"Dur\u00e9e de lecture estim\u00e9e\" \/>\n\t<meta name=\"twitter:data1\" content=\"8 minutes\" \/>\n<script type=\"application\/ld+json\" class=\"yoast-schema-graph\">{\"@context\":\"https:\\\/\\\/schema.org\",\"@graph\":[{\"@type\":\"WebPage\",\"@id\":\"https:\\\/\\\/solidaires-etudiant-e-s.org\\\/site\\\/connaitre-ses-droits\\\/sante\\\/\",\"url\":\"https:\\\/\\\/solidaires-etudiant-e-s.org\\\/site\\\/connaitre-ses-droits\\\/sante\\\/\",\"name\":\"La Sant\u00e9 Etudiante - Solidaires \u00e9tudiant-e-s\",\"isPartOf\":{\"@id\":\"https:\\\/\\\/solidaires-etudiant-e-s.org\\\/site\\\/#website\"},\"datePublished\":\"2014-10-02T21:51:36+00:00\",\"dateModified\":\"2025-01-08T00:48:42+00:00\",\"breadcrumb\":{\"@id\":\"https:\\\/\\\/solidaires-etudiant-e-s.org\\\/site\\\/connaitre-ses-droits\\\/sante\\\/#breadcrumb\"},\"inLanguage\":\"fr-FR\",\"potentialAction\":[{\"@type\":\"ReadAction\",\"target\":[\"https:\\\/\\\/solidaires-etudiant-e-s.org\\\/site\\\/connaitre-ses-droits\\\/sante\\\/\"]}]},{\"@type\":\"BreadcrumbList\",\"@id\":\"https:\\\/\\\/solidaires-etudiant-e-s.org\\\/site\\\/connaitre-ses-droits\\\/sante\\\/#breadcrumb\",\"itemListElement\":[{\"@type\":\"ListItem\",\"position\":1,\"name\":\"Accueil\",\"item\":\"https:\\\/\\\/solidaires-etudiant-e-s.org\\\/site\\\/\"},{\"@type\":\"ListItem\",\"position\":2,\"name\":\"Conna\u00eetre ses droits\",\"item\":\"https:\\\/\\\/solidaires-etudiant-e-s.org\\\/site\\\/connaitre-ses-droits\\\/\"},{\"@type\":\"ListItem\",\"position\":3,\"name\":\"La Sant\u00e9 Etudiante\"}]},{\"@type\":\"WebSite\",\"@id\":\"https:\\\/\\\/solidaires-etudiant-e-s.org\\\/site\\\/#website\",\"url\":\"https:\\\/\\\/solidaires-etudiant-e-s.org\\\/site\\\/\",\"name\":\"Solidaires \u00e9tudiant-e-s\",\"description\":\"Syndicats pour un enseignement sup\u00e9rieur gratuit, ouvert, et \u00e9mancipateur !\",\"publisher\":{\"@id\":\"https:\\\/\\\/solidaires-etudiant-e-s.org\\\/site\\\/#organization\"},\"potentialAction\":[{\"@type\":\"SearchAction\",\"target\":{\"@type\":\"EntryPoint\",\"urlTemplate\":\"https:\\\/\\\/solidaires-etudiant-e-s.org\\\/site\\\/?s={search_term_string}\"},\"query-input\":{\"@type\":\"PropertyValueSpecification\",\"valueRequired\":true,\"valueName\":\"search_term_string\"}}],\"inLanguage\":\"fr-FR\"},{\"@type\":\"Organization\",\"@id\":\"https:\\\/\\\/solidaires-etudiant-e-s.org\\\/site\\\/#organization\",\"name\":\"Solidaires \u00e9tudiant-e-s\",\"url\":\"https:\\\/\\\/solidaires-etudiant-e-s.org\\\/site\\\/\",\"logo\":{\"@type\":\"ImageObject\",\"inLanguage\":\"fr-FR\",\"@id\":\"https:\\\/\\\/solidaires-etudiant-e-s.org\\\/site\\\/#\\\/schema\\\/logo\\\/image\\\/\",\"url\":\"https:\\\/\\\/solidaires-etudiant-e-s.org\\\/site\\\/wp-content\\\/uploads\\\/2025\\\/12\\\/13-1.png\",\"contentUrl\":\"https:\\\/\\\/solidaires-etudiant-e-s.org\\\/site\\\/wp-content\\\/uploads\\\/2025\\\/12\\\/13-1.png\",\"width\":1181,\"height\":827,\"caption\":\"Solidaires \u00e9tudiant-e-s\"},\"image\":{\"@id\":\"https:\\\/\\\/solidaires-etudiant-e-s.org\\\/site\\\/#\\\/schema\\\/logo\\\/image\\\/\"},\"sameAs\":[\"https:\\\/\\\/www.facebook.com\\\/solidairesetudiantes\",\"https:\\\/\\\/x.com\\\/SolidairesEtu\",\"https:\\\/\\\/www.instagram.com\\\/solidairesetu\\\/\",\"https:\\\/\\\/bsky.app\\\/profile\\\/solidaires-etudiant-e-s.org\",\"https:\\\/\\\/mastodon.social\\\/@solidairesetu\",\"https:\\\/\\\/www.youtube.com\\\/channel\\\/UC_iZN9gmVAAnXbBM7wAWOag\"]}]}<\/script>\n<!-- \/ Yoast SEO plugin. -->","yoast_head_json":{"title":"La Sant\u00e9 Etudiante - Solidaires \u00e9tudiant-e-s","robots":{"index":"index","follow":"follow","max-snippet":"max-snippet:-1","max-image-preview":"max-image-preview:large","max-video-preview":"max-video-preview:-1"},"canonical":"https:\/\/solidaires-etudiant-e-s.org\/site\/connaitre-ses-droits\/sante\/","og_locale":"fr_FR","og_type":"article","og_title":"La Sant\u00e9 Etudiante - Solidaires \u00e9tudiant-e-s","og_description":"\u00a0derni\u00e8re mise \u00e0 jour : mai 2020 LA SECURITE SOCIALE (R\u00e9)inscription dans [&hellip;]","og_url":"https:\/\/solidaires-etudiant-e-s.org\/site\/connaitre-ses-droits\/sante\/","og_site_name":"Solidaires \u00e9tudiant-e-s","article_publisher":"https:\/\/www.facebook.com\/solidairesetudiantes","article_modified_time":"2025-01-08T00:48:42+00:00","twitter_card":"summary_large_image","twitter_site":"@SolidairesEtu","twitter_misc":{"Dur\u00e9e de lecture estim\u00e9e":"8 minutes"},"schema":{"@context":"https:\/\/schema.org","@graph":[{"@type":"WebPage","@id":"https:\/\/solidaires-etudiant-e-s.org\/site\/connaitre-ses-droits\/sante\/","url":"https:\/\/solidaires-etudiant-e-s.org\/site\/connaitre-ses-droits\/sante\/","name":"La Sant\u00e9 Etudiante - Solidaires \u00e9tudiant-e-s","isPartOf":{"@id":"https:\/\/solidaires-etudiant-e-s.org\/site\/#website"},"datePublished":"2014-10-02T21:51:36+00:00","dateModified":"2025-01-08T00:48:42+00:00","breadcrumb":{"@id":"https:\/\/solidaires-etudiant-e-s.org\/site\/connaitre-ses-droits\/sante\/#breadcrumb"},"inLanguage":"fr-FR","potentialAction":[{"@type":"ReadAction","target":["https:\/\/solidaires-etudiant-e-s.org\/site\/connaitre-ses-droits\/sante\/"]}]},{"@type":"BreadcrumbList","@id":"https:\/\/solidaires-etudiant-e-s.org\/site\/connaitre-ses-droits\/sante\/#breadcrumb","itemListElement":[{"@type":"ListItem","position":1,"name":"Accueil","item":"https:\/\/solidaires-etudiant-e-s.org\/site\/"},{"@type":"ListItem","position":2,"name":"Conna\u00eetre ses droits","item":"https:\/\/solidaires-etudiant-e-s.org\/site\/connaitre-ses-droits\/"},{"@type":"ListItem","position":3,"name":"La Sant\u00e9 Etudiante"}]},{"@type":"WebSite","@id":"https:\/\/solidaires-etudiant-e-s.org\/site\/#website","url":"https:\/\/solidaires-etudiant-e-s.org\/site\/","name":"Solidaires \u00e9tudiant-e-s","description":"Syndicats pour un enseignement sup\u00e9rieur gratuit, ouvert, et \u00e9mancipateur !","publisher":{"@id":"https:\/\/solidaires-etudiant-e-s.org\/site\/#organization"},"potentialAction":[{"@type":"SearchAction","target":{"@type":"EntryPoint","urlTemplate":"https:\/\/solidaires-etudiant-e-s.org\/site\/?s={search_term_string}"},"query-input":{"@type":"PropertyValueSpecification","valueRequired":true,"valueName":"search_term_string"}}],"inLanguage":"fr-FR"},{"@type":"Organization","@id":"https:\/\/solidaires-etudiant-e-s.org\/site\/#organization","name":"Solidaires \u00e9tudiant-e-s","url":"https:\/\/solidaires-etudiant-e-s.org\/site\/","logo":{"@type":"ImageObject","inLanguage":"fr-FR","@id":"https:\/\/solidaires-etudiant-e-s.org\/site\/#\/schema\/logo\/image\/","url":"https:\/\/solidaires-etudiant-e-s.org\/site\/wp-content\/uploads\/2025\/12\/13-1.png","contentUrl":"https:\/\/solidaires-etudiant-e-s.org\/site\/wp-content\/uploads\/2025\/12\/13-1.png","width":1181,"height":827,"caption":"Solidaires \u00e9tudiant-e-s"},"image":{"@id":"https:\/\/solidaires-etudiant-e-s.org\/site\/#\/schema\/logo\/image\/"},"sameAs":["https:\/\/www.facebook.com\/solidairesetudiantes","https:\/\/x.com\/SolidairesEtu","https:\/\/www.instagram.com\/solidairesetu\/","https:\/\/bsky.app\/profile\/solidaires-etudiant-e-s.org","https:\/\/mastodon.social\/@solidairesetu","https:\/\/www.youtube.com\/channel\/UC_iZN9gmVAAnXbBM7wAWOag"]}]}},"_links":{"self":[{"href":"https:\/\/solidaires-etudiant-e-s.org\/site\/wp-json\/wp\/v2\/pages\/1390","targetHints":{"allow":["GET"]}}],"collection":[{"href":"https:\/\/solidaires-etudiant-e-s.org\/site\/wp-json\/wp\/v2\/pages"}],"about":[{"href":"https:\/\/solidaires-etudiant-e-s.org\/site\/wp-json\/wp\/v2\/types\/page"}],"author":[{"embeddable":true,"href":"https:\/\/solidaires-etudiant-e-s.org\/site\/wp-json\/wp\/v2\/users\/1"}],"replies":[{"embeddable":true,"href":"https:\/\/solidaires-etudiant-e-s.org\/site\/wp-json\/wp\/v2\/comments?post=1390"}],"version-history":[{"count":1,"href":"https:\/\/solidaires-etudiant-e-s.org\/site\/wp-json\/wp\/v2\/pages\/1390\/revisions"}],"predecessor-version":[{"id":7323,"href":"https:\/\/solidaires-etudiant-e-s.org\/site\/wp-json\/wp\/v2\/pages\/1390\/revisions\/7323"}],"up":[{"embeddable":true,"href":"https:\/\/solidaires-etudiant-e-s.org\/site\/wp-json\/wp\/v2\/pages\/2"}],"wp:attachment":[{"href":"https:\/\/solidaires-etudiant-e-s.org\/site\/wp-json\/wp\/v2\/media?parent=1390"}],"curies":[{"name":"wp","href":"https:\/\/api.w.org\/{rel}","templated":true}]}}